{"id":4055,"date":"2025-11-24T09:20:06","date_gmt":"2025-11-24T08:20:06","guid":{"rendered":"https:\/\/weballiance.transport-manager.net\/adtem\/?page_id=4055"},"modified":"2026-03-30T17:36:09","modified_gmt":"2026-03-30T15:36:09","slug":"adhesion-2","status":"publish","type":"page","link":"https:\/\/weballiance.transport-manager.net\/adtem\/adhesion-2\/","title":{"rendered":"Adh\u00e9sion"},"content":{"rendered":"\n<h2 class=\"wp-block-heading has-vivid-green-cyan-color has-text-color has-link-color wp-elements-6ad684c6b25b9da5c7d4b76b796607dc\"><strong>Le pack de bienvenue<\/strong><\/h2>\n\n\n\n<p class=\"has-medium-font-size\">Vous pensez \u00e0 nous rejoindre mais quelque chose vous freine ? Pas de probl\u00e8me, l&rsquo;ADTEM sort l&rsquo;artillerie lourde pour vous convaincre.<br><br>Pour toute rentr\u00e9e dans l&rsquo;alliance, b\u00e9n\u00e9ficiez d&rsquo;une offre de bienvenue vous permettant d&rsquo;obtenir toutes les options (\u00e0 l&rsquo;exception de Maxi R\u00e9nov &amp; Ultra R\u00e9nov) gratuitement pendant un mois \u00e0 partir de la date d&rsquo;inscription ! De quoi d\u00e9couvrir le large panel d&rsquo;opportunit\u00e9s en toute tranquillit\u00e9 pour votre comptable.<br><br>Vous n&rsquo;\u00eates toujours pas convaincu ? Pas de soucis, on en remet en vous proposant 3 v\u00e9hicules de location gratuit pendant 12 semaines (valeur de 36.000\u20ac).<\/p>\n\n\n\n<div class=\"wp-block-columns is-layout-flex wp-container-core-columns-is-layout-9d6595d7 wp-block-columns-is-layout-flex\">\n<div class=\"wp-block-column is-vertically-aligned-center is-layout-flow wp-block-column-is-layout-flow\" style=\"flex-basis:66.66%\">\n<h4 class=\"wp-block-heading has-large-font-size\">Vous voulez en savoir plus sur les options ?<\/h4>\n<\/div>\n\n\n\n<div class=\"wp-block-column is-vertically-aligned-center is-layout-flow wp-block-column-is-layout-flow\" style=\"flex-basis:33.33%\">\n<div class=\"wp-block-buttons is-content-justification-center is-layout-flex wp-container-core-buttons-is-layout-5e6b19ed wp-block-buttons-is-layout-flex\">\n<div class=\"wp-block-button\"><a class=\"wp-block-button__link has-text-align-center wp-element-button\" href=\"https:\/\/weballiance.transport-manager.net\/adtem\/les-options\/\">Les options<\/a><\/div>\n<\/div>\n<\/div>\n<\/div>\n\n\n\n<h2 class=\"wp-block-heading has-vivid-green-cyan-color has-text-color has-link-color wp-elements-ee15a921d8b096268f19b68c3b1d8ca8\"><strong>Comment nous rejoindre<\/strong><\/h2>\n\n\n\n<h3 class=\"wp-block-heading has-light-green-cyan-color has-text-color has-link-color wp-elements-752d1da52ad049690aa10d5c76348a64\"><strong>1. Demande d&rsquo;adh\u00e9sion<\/strong><\/h3>\n\n\n\n<p class=\"has-medium-font-size\">Vous vous \u00eates d\u00e9cid\u00e9 et vous voulez nous rejoindre ? Cliquez sur <a href=\"https:\/\/transport-manager.net\/jeu\/alliance.php?id=13\"><strong>ce lien<\/strong><\/a> puis sur <strong>Rejoindre<\/strong>. Si votre compte en banque est en positif et assez fourni (pour \u00e9viter que les cotisations vous mettent en n\u00e9gatif), nous vous accepterons dans l&rsquo;alliance. Attention, le d\u00e9lais pour \u00eatre accept\u00e9 peut aller jusqu&rsquo;\u00e0 7 jours.<\/p>\n\n\n\n<h3 class=\"wp-block-heading has-light-green-cyan-color has-text-color has-link-color wp-elements-82848688958ae5c1153c4e3213704b9d\"><strong>2. Validation de votre demande<\/strong><\/h3>\n\n\n\n<p class=\"has-medium-font-size\">Une fois votre demande valid\u00e9e, vous recevrez une notification vous le confirmant. L&rsquo;\u00e9quipe dirigeante de l&rsquo;alliance vous enverra ensuite un message avec toutes les informations utiles dans votre messagerie en jeu. Etant donn\u00e9 que ce sont des humains qui le feront, vous risquez d&rsquo;avoir un l\u00e9ger d\u00e9lai avant de recevoir ce message.<\/p>\n\n\n\n<h3 class=\"wp-block-heading has-light-green-cyan-color has-text-color has-link-color wp-elements-cf867e33c74b616571ba0eb5b1cb52ea\"><strong>3. Acc\u00e8s aux options et diff\u00e9rentes plateformes<\/strong><\/h3>\n\n\n\n<p class=\"has-text-align-left has-medium-font-size\">Une fois que tout sera en ordre, vous pourrez s\u00e9lectionner vos options directement en jeu et voir tout ce que nous proposons, que ce soit ici, sur Discord ou encore sur le forum.<\/p>\n\n\n\n<p class=\"has-text-align-left has-medium-font-size\">Nous vous conseillons vivement de nous rejoindre sur Discord pour pouvoir discuter avec les autres membres et voir facilement les diverses annonces (et prendre part \u00e0 la vie de l&rsquo;ADTEM).<\/p>\n\n\n\n<p class=\"has-text-align-left has-medium-font-size\">En bref, une fois que tout est fait, Bienvenue dans l&rsquo;ADTEM !<\/p>\n\n\n\n<p class=\"has-text-align-center\"><\/p>\n","protected":false},"excerpt":{"rendered":"<p>Le pack de bienvenue Vous pensez \u00e0 nous rejoindre mais quelque chose vous freine ? Pas de probl\u00e8me, l&rsquo;ADTEM sort l&rsquo;artillerie lourde pour vous convaincre. Pour toute rentr\u00e9e dans l&rsquo;alliance, b\u00e9n\u00e9ficiez d&rsquo;une offre de bienvenue vous permettant d&rsquo;obtenir toutes les options (\u00e0 l&rsquo;exception de Maxi R\u00e9nov &amp; Ultra R\u00e9nov) gratuitement pendant un mois \u00e0 partir [&hellip;]<\/p>\n","protected":false},"author":20,"featured_media":0,"parent":0,"menu_order":0,"comment_status":"closed","ping_status":"closed","template":"","meta":{"saved_in_kubio":true,"footnotes":""},"class_list":["post-4055","page","type-page","status-publish","hentry"],"kubio_ai_page_context":{"short_desc":"","purpose":"general"},"_links":{"self":[{"href":"https:\/\/weballiance.transport-manager.net\/adtem\/wp-json\/wp\/v2\/pages\/4055","targetHints":{"allow":["GET"]}}],"collection":[{"href":"https:\/\/weballiance.transport-manager.net\/adtem\/wp-json\/wp\/v2\/pages"}],"about":[{"href":"https:\/\/weballiance.transport-manager.net\/adtem\/wp-json\/wp\/v2\/types\/page"}],"author":[{"embeddable":true,"href":"https:\/\/weballiance.transport-manager.net\/adtem\/wp-json\/wp\/v2\/users\/20"}],"replies":[{"embeddable":true,"href":"https:\/\/weballiance.transport-manager.net\/adtem\/wp-json\/wp\/v2\/comments?post=4055"}],"version-history":[{"count":24,"href":"https:\/\/weballiance.transport-manager.net\/adtem\/wp-json\/wp\/v2\/pages\/4055\/revisions"}],"predecessor-version":[{"id":4815,"href":"https:\/\/weballiance.transport-manager.net\/adtem\/wp-json\/wp\/v2\/pages\/4055\/revisions\/4815"}],"wp:attachment":[{"href":"https:\/\/weballiance.transport-manager.net\/adtem\/wp-json\/wp\/v2\/media?parent=4055"}],"curies":[{"name":"wp","href":"https:\/\/api.w.org\/{rel}","templated":true}]}}