{"id":4064,"date":"2025-12-10T16:16:39","date_gmt":"2025-12-10T15:16:39","guid":{"rendered":"https:\/\/weballiance.transport-manager.net\/adtem\/?page_id=4064"},"modified":"2026-03-21T14:29:10","modified_gmt":"2026-03-21T13:29:10","slug":"presentation","status":"publish","type":"page","link":"https:\/\/weballiance.transport-manager.net\/adtem\/presentation\/","title":{"rendered":"Pr\u00e9sentation"},"content":{"rendered":"\n<h2 class=\"wp-block-heading has-vivid-green-cyan-color has-text-color has-link-color wp-elements-5d30b4bcafd4f95dd8900f82649cd62c\"><strong>L&rsquo;ADTEM, votre partenaire pour l&rsquo;\u00e9cologie<\/strong><\/h2>\n\n\n\n<p class=\"has-medium-font-size\">Fond\u00e9e en 2021, l\u2019ADTEM a tout de suite eu pour mission d\u2019aider les entreprises partenaires \u00e0 am\u00e9liorer leurs objectifs \u00e9cologiques. Que ce soit pour des startups ou de v\u00e9ritables mastodontes, l\u2019ADTEM saura r\u00e9pondre au mieux \u00e0 vos besoins. Apr\u00e8s plus de 5 ans d\u2019activit\u00e9s, nous proposons des services divers et vari\u00e9s, allant du simple lavage de vos v\u00e9hicules jusqu\u2019aux aides \u00e0 l\u2019achat de v\u00e9hicules et mat\u00e9riel \u00e9lectrique, nous sommes l\u00e0 pour vous aider \u00e0 \u00e9voluer gr\u00e2ce \u00e0 un large panel d\u2019options et d\u2019avantages.<\/p>\n\n\n\n<p class=\"has-medium-font-size\">Pour plus d&rsquo;informations, rendez-vous dans les pages ci-dessous pour en d\u00e9couvrir plus !<\/p>\n\n\n\n<p><\/p>\n","protected":false},"excerpt":{"rendered":"<p>L&rsquo;ADTEM, votre partenaire pour l&rsquo;\u00e9cologie Fond\u00e9e en 2021, l\u2019ADTEM a tout de suite eu pour mission d\u2019aider les entreprises partenaires \u00e0 am\u00e9liorer leurs objectifs \u00e9cologiques. Que ce soit pour des startups ou de v\u00e9ritables mastodontes, l\u2019ADTEM saura r\u00e9pondre au mieux \u00e0 vos besoins. Apr\u00e8s plus de 5 ans d\u2019activit\u00e9s, nous proposons des services divers et [&hellip;]<\/p>\n","protected":false},"author":20,"featured_media":0,"parent":0,"menu_order":0,"comment_status":"closed","ping_status":"closed","template":"","meta":{"saved_in_kubio":false,"footnotes":""},"class_list":["post-4064","page","type-page","status-publish","hentry"],"kubio_ai_page_context":{"short_desc":"","purpose":"general"},"_links":{"self":[{"href":"https:\/\/weballiance.transport-manager.net\/adtem\/wp-json\/wp\/v2\/pages\/4064","targetHints":{"allow":["GET"]}}],"collection":[{"href":"https:\/\/weballiance.transport-manager.net\/adtem\/wp-json\/wp\/v2\/pages"}],"about":[{"href":"https:\/\/weballiance.transport-manager.net\/adtem\/wp-json\/wp\/v2\/types\/page"}],"author":[{"embeddable":true,"href":"https:\/\/weballiance.transport-manager.net\/adtem\/wp-json\/wp\/v2\/users\/20"}],"replies":[{"embeddable":true,"href":"https:\/\/weballiance.transport-manager.net\/adtem\/wp-json\/wp\/v2\/comments?post=4064"}],"version-history":[{"count":6,"href":"https:\/\/weballiance.transport-manager.net\/adtem\/wp-json\/wp\/v2\/pages\/4064\/revisions"}],"predecessor-version":[{"id":4561,"href":"https:\/\/weballiance.transport-manager.net\/adtem\/wp-json\/wp\/v2\/pages\/4064\/revisions\/4561"}],"wp:attachment":[{"href":"https:\/\/weballiance.transport-manager.net\/adtem\/wp-json\/wp\/v2\/media?parent=4064"}],"curies":[{"name":"wp","href":"https:\/\/api.w.org\/{rel}","templated":true}]}}