{"id":4075,"date":"2025-11-28T10:41:22","date_gmt":"2025-11-28T09:41:22","guid":{"rendered":"https:\/\/weballiance.transport-manager.net\/adtem\/?page_id=4075"},"modified":"2026-03-21T14:56:19","modified_gmt":"2026-03-21T13:56:19","slug":"les-options","status":"publish","type":"page","link":"https:\/\/weballiance.transport-manager.net\/adtem\/les-options\/","title":{"rendered":"Les options"},"content":{"rendered":"\n<p class=\"has-medium-font-size\">A l&rsquo;ADTEM, nous vous proposons une multitude d&rsquo;options ! Nous sommes bien conscient que chaque entreprise est diff\u00e9rent, c&rsquo;est pourquoi nous vous laissons l&rsquo;opportunit\u00e9 de choisir ce qui vous convient le mieux pour progresser dans les niveaux.<\/p>\n\n\n\n<h2 class=\"wp-block-heading has-vivid-green-cyan-color has-text-color has-link-color wp-elements-a9e7008c002b6aae9c2d0b1120673532\"><strong>Les services offerts<\/strong><\/h2>\n\n\n\n<p class=\"has-medium-font-size\">Par d\u00e9faut, nous vous proposons divers services gratuitement ! <\/p>\n\n\n\n<ul class=\"wp-block-list\">\n<li class=\"has-medium-font-size\"><strong>Lavage des v\u00e9hicules<\/strong><\/li>\n<\/ul>\n\n\n\n<p class=\"has-medium-font-size\">En vous inscrivant \u00e0 l&rsquo;ADTEM, profitez d&rsquo;un lavage gratuit de vos bus, cars et trams deux fois par semaine (le mercredi et le dimanche) afin de garder une flotte propre pour le bonheur de vos employ\u00e9s et passagers.<\/p>\n\n\n\n<ul class=\"wp-block-list\">\n<li class=\"has-medium-font-size\"><strong>Contr\u00f4les techniques rembours\u00e9s<\/strong><\/li>\n<\/ul>\n\n\n\n<p class=\"has-medium-font-size\">Vous en avez marre de payer vos contr\u00f4les techniques deux fois par an et par v\u00e9hicule ? Ces contr\u00f4les laissent des traces dans votre comptabilit\u00e9 ? Pas de soucis ! Il vous suffit de remplir le formulaire g\u00e9n\u00e9ral avec le nombre de bus concern\u00e9 et vous recevrez un remboursement int\u00e9gral de la visite<sup data-fn=\"c9e75014-78dc-45a0-b512-22c669dcbc52\" class=\"fn\"><a href=\"#c9e75014-78dc-45a0-b512-22c669dcbc52\" id=\"c9e75014-78dc-45a0-b512-22c669dcbc52-link\">1<\/a><\/sup> !<\/p>\n\n\n\n<ul class=\"wp-block-list\">\n<li class=\"has-medium-font-size\"><strong>R\u00e9visions offertes<\/strong><\/li>\n<\/ul>\n\n\n\n<p class=\"has-medium-font-size\">Vous aimez profiter de la garantie des concessions mais vous ne voulez pas payer la r\u00e9vision de vos v\u00e9hicules ? De nouveau, rien de plus simple ! Il vous suffit de remplir le formulaire g\u00e9n\u00e9ral et vous recevrez un remboursement de votre r\u00e9vision<sup data-fn=\"4d52f928-7fd4-4072-85c8-e32d5c94f617\" class=\"fn\"><a href=\"#4d52f928-7fd4-4072-85c8-e32d5c94f617\" id=\"4d52f928-7fd4-4072-85c8-e32d5c94f617-link\">2<\/a><\/sup>. Plus de place dans vos ateliers ? D\u00e9posez les dans les ateliers de l&rsquo;alliance et nous nous chargerons d&rsquo;effectuer sa r\u00e9vision gratuitement !<\/p>\n\n\n\n<ul class=\"wp-block-list\">\n<li class=\"has-medium-font-size\"><strong>Mise \u00e0 disposition des ateliers<\/strong><\/li>\n<\/ul>\n\n\n\n<p class=\"has-medium-font-size\">L&rsquo;un de vos v\u00e9hicules vient de tomber en panne mais vous n&rsquo;avez plus de place dans vos ateliers ? Vous voulez mettre tous vous m\u00e9caniciens en cong\u00e9 mais vous avez des r\u00e9parations \u00e0 faire ? C&rsquo;est possible ! L&rsquo;ADTEM poss\u00e8de 24 emplacements d&rsquo;atelier pour maintenir vos bus et cars en parfait \u00e9tat. Vous \u00eates niveau 5 et ne voulez pas investir dans des ateliers co\u00fbteux ? On a aussi la solution ! Nous vous mettons un emplacement pour les trams \u00e0 disposition (bien entendu, le m\u00e9canicien est fourni par l&rsquo;alliance).<\/p>\n\n\n\n<ul class=\"wp-block-list\">\n<li class=\"has-medium-font-size\"><strong>Acc\u00e8s au cr\u00e9dit 0% \u00e0 la Banque Azur<\/strong><\/li>\n<\/ul>\n\n\n\n<p class=\"has-medium-font-size\">Gr\u00e2ce \u00e0 notre partenariat avec la Banque Azur, profitez de cr\u00e9dits Evolis \u00e0 0% ! De quoi investir en toute s\u00e9curit\u00e9.<\/p>\n\n\n\n<ul class=\"wp-block-list\">\n<li class=\"has-medium-font-size\"><strong>Evobus Gold &amp; Catalogue d&rsquo;alliance<\/strong><\/li>\n<\/ul>\n\n\n\n<p class=\"has-medium-font-size\">Gr\u00e2ce \u00e0 notre partenariat avec la concession Evobus, profitez de la fid\u00e9lit\u00e9 Gold gratuitement ! De plus, en \u00e9tant \u00e0 l&rsquo;ADTEM, vous profitez de r\u00e9ductions permanentes dans cette concession, peut importe la p\u00e9riode de l&rsquo;ann\u00e9e. Rendez-vous dans votre espace membre pour plus d&rsquo;infos.<\/p>\n\n\n\n<ul class=\"wp-block-list\">\n<li class=\"has-medium-font-size\"><strong>Acc\u00e8s aux locations, primes et ristournes<\/strong><\/li>\n<\/ul>\n\n\n\n<p class=\"has-medium-font-size\">En plus de tout cela, retrouvez aussi notre large panel de v\u00e9hicules de locations, de ristournes sur vos factures d&rsquo;\u00e9nergie ainsi que nos primes et aides diverses (voir cat\u00e9gorie des services).<\/p>\n\n\n\n<h2 class=\"wp-block-heading has-vivid-green-cyan-color has-text-color has-link-color wp-elements-8810c9df6d2c3cb2958eb662edfc3328\"><strong>Les options payantes<\/strong><\/h2>\n\n\n\n<h3 class=\"wp-block-heading has-light-green-cyan-color has-text-color has-link-color wp-elements-c793d55db2587e937d07fe3b4fca0122\"><strong>Locations &amp; mise \u00e0 disposition d&#8217;employ\u00e9s<\/strong><\/h3>\n\n\n\n<p class=\"has-medium-font-size\">A l&rsquo;ADTEM, vous avez la possibilit\u00e9 de louer des bus et cars \u00e0 tarif pr\u00e9f\u00e9rentiel&#8230; mais pour certains, ces prix sont encore trop \u00e9lev\u00e9s. Alors nous mettons les petits plats dans les grands en vous proposant des options incluant des r\u00e9ductions pour toutes les bourses et besoins.<\/p>\n\n\n\n<p><\/p>\n\n\n\n<ul class=\"wp-block-list\">\n<li class=\"has-medium-font-size\"><strong>Vert et pas cher<\/strong><\/li>\n<\/ul>\n\n\n\n<p class=\"has-medium-font-size\">Vous souhaitez louer un grand nombre de v\u00e9hicules mais vous avez peur pour vos finances ? Avec cette option, b\u00e9n\u00e9ficiez de la location des bus et cars pour 700\u20ac par semaine au lieu de 1.000\u20ac sans aucune limite sur la quantit\u00e9 ! Cette option vous co\u00fbtera 5.000\u20ac par mois.<\/p>\n\n\n\n<p><\/p>\n\n\n\n<ul class=\"wp-block-list\">\n<li class=\"has-medium-font-size\"><strong>L&rsquo;ami du comptable<\/strong><\/li>\n<\/ul>\n\n\n\n<p class=\"has-medium-font-size\">B\u00e9n\u00e9ficier d&rsquo;un tarif r\u00e9duit ne vous convient pas et vous en voulez plus ? Avec \u00ab\u00a0L&rsquo;ami du comptable\u00a0\u00bb, profitez de 4 v\u00e9hicules gratuitement pendant 3 semaines<sup data-fn=\"43e7aa47-6e76-4453-a843-ba9e497e0ef3\" class=\"fn\"><a href=\"#43e7aa47-6e76-4453-a843-ba9e497e0ef3\" id=\"43e7aa47-6e76-4453-a843-ba9e497e0ef3-link\">3<\/a><\/sup> et louez les autres bus et cars \u00e0 750\u20ac par semaine ! Cette option vous co\u00fbtera 7.500\u20ac par mois.<\/p>\n\n\n\n<p><\/p>\n\n\n\n<ul class=\"wp-block-list\">\n<li class=\"has-medium-font-size\"><strong>Pour votre service de ressources humaines<\/strong><\/li>\n<\/ul>\n\n\n\n<p class=\"has-medium-font-size\">Vos employ\u00e9s sont malades, doivent partir en cong\u00e9s ou vous avez un surcro\u00eet d&rsquo;activit\u00e9 ? Restez calme et venez profiter de nos mises \u00e0 disposition de salari\u00e9s \u00e0 prix mini !<\/p>\n\n\n\n<p class=\"has-medium-font-size\">Gr\u00e2ce \u00e0 \u00ab\u00a0Notre employ\u00e9 c&rsquo;est le meilleur\u00a0\u00bb, vous avez la possibilit\u00e9 de demander 10 salari\u00e9s gratuitement pendant 90 jours<sup data-fn=\"238bbf11-96f9-4459-80e4-b08d3b34df1c\" class=\"fn\"><a href=\"#238bbf11-96f9-4459-80e4-b08d3b34df1c\" id=\"238bbf11-96f9-4459-80e4-b08d3b34df1c-link\">4<\/a><\/sup> ! De quoi lancer des cong\u00e9s pay\u00e9s en toute tranquillit\u00e9 ! Cette option vous co\u00fbtera 7.000\u20ac par mois.<\/p>\n\n\n\n<p class=\"has-medium-font-size\">Dans le cas o\u00f9 vous ne souhaitez pas profiter de cette option, la mise a disposition vous co\u00fbtera 300\u20ac par semaine et par employ\u00e9.<\/p>\n\n\n\n<p><\/p>\n\n\n\n<h3 class=\"wp-block-heading has-light-green-cyan-color has-text-color has-link-color wp-elements-77c276a2cca7504ccea050ff471d54ff\"><strong>Tout pour avoir un parc en parfait \u00e9tat<\/strong><sup data-fn=\"f6bee381-71cf-4cd0-8413-5f89ad832362\" class=\"fn\"><a href=\"#f6bee381-71cf-4cd0-8413-5f89ad832362\" id=\"f6bee381-71cf-4cd0-8413-5f89ad832362-link\">5<\/a><\/sup><\/h3>\n\n\n\n<ul class=\"wp-block-list\">\n<li class=\"has-medium-font-size\"><strong>L&rsquo;as de l&rsquo;atelier<\/strong><\/li>\n<\/ul>\n\n\n\n<p class=\"has-medium-font-size\">Les pannes commencent \u00e0 creuser un trou dans votre comptabilit\u00e9 ? Gr\u00e2ce \u00e0 \u00ab\u00a0L&rsquo;as de l&rsquo;atelier\u00a0\u00bb, vos r\u00e9parations ne vous co\u00fbtent presque plus rien ! Chaque mois, b\u00e9n\u00e9ficiez d&rsquo;une bourse de 10.000\u20ac allou\u00e9e \u00e0 la gestion de vos pannes. Les pannes vous seront rembours\u00e9es tant que vous ne d\u00e9passez pas le plafond de la bourse. Cette option vous co\u00fbtera 7.500\u20ac par mois.<\/p>\n\n\n\n<p><\/p>\n\n\n\n<ul class=\"wp-block-list\">\n<li class=\"has-medium-font-size\"><strong>Super R\u00e9nov&rsquo;<\/strong><\/li>\n<\/ul>\n\n\n\n<p class=\"has-medium-font-size\">Votre parc m\u00e9rite un l\u00e9ger rafra\u00eechissement mais vous n&rsquo;avez pas vraiment les fonds ? Avec cette option, b\u00e9n\u00e9ficiez d&rsquo;une bourse de 50.000\u20ac pour r\u00e9nover vos v\u00e9hicules tout en pr\u00e9servant votre porte-monnaie. Cette option vous co\u00fbtera 30.000\u20ac.<\/p>\n\n\n\n<p><\/p>\n\n\n\n<ul class=\"wp-block-list\">\n<li class=\"has-medium-font-size\"><strong>Maxi R\u00e9nov&rsquo; <\/strong><\/li>\n<\/ul>\n\n\n\n<p class=\"has-medium-font-size\">Vous avez besoin de plus qu&rsquo;un l\u00e9ger rafra\u00eechissement ? Vous vous attendez \u00e0 un plan de remise \u00e0 niveau d&rsquo;une partie de votre parc ? Faites appel \u00e0 Maxi R\u00e9nov&rsquo; et profitez d&rsquo;une dotation de 100.000\u20ac pour vos r\u00e9novations ! De quoi faire poser un nouveau moteur pour 5 de vos bus\/cars. Cette option vous co\u00fbtera 60.000\u20ac par mois.<\/p>\n\n\n\n<p><\/p>\n\n\n\n<ul class=\"wp-block-list\">\n<li class=\"has-medium-font-size\"><strong>Ultra R\u00e9nov&rsquo; <\/strong><\/li>\n<\/ul>\n\n\n\n<p class=\"has-medium-font-size\">Toujours pas convaincu ? Vous voulez faire une r\u00e9novation technique et int\u00e9rieur d&rsquo;une flotte enti\u00e8re ? Ultra R\u00e9nov&rsquo; est faite pour vous. Pas moins de 400.000\u20ac vous seront allou\u00e9s pour r\u00e9nover vos v\u00e9hicules, de quoi pouvoir voir venir avant de tomber \u00e0 sec (quand on vous dit qu&rsquo;on met le paquet pour le confort de vos clients). Cette option vous co\u00fbtera 240.000\u20ac par mois.<\/p>\n\n\n\n<p><\/p>\n\n\n\n<h3 class=\"wp-block-heading has-light-green-cyan-color has-text-color has-link-color wp-elements-75f754120230149ae9d3d3c6fbcc0698\"><strong>Tout pour le full Electrique<\/strong><\/h3>\n\n\n\n<p class=\"has-medium-font-size\">Vous souhaitez convertir une partie de votre parc en v\u00e9hicules \u00e9lectrique mais les frais vous vous emp\u00eachent de passer le pas ? Avec l&rsquo;option \u00e9lectrique, vous pourrez profiter d&rsquo;offres exclusives \u00e0 l&rsquo;ADTEM pour \u00e9quiper votre parc et votre r\u00e9seau l&rsquo;esprit tranquille.<\/p>\n\n\n\n<p class=\"has-medium-font-size\">Avec cette option, vous avez acc\u00e8s \u00e0 la prime \u00e9lec pour vous accompagner dans la pose de bornes \u00e9lectrique ainsi que l&rsquo;achat de v\u00e9hicules \u00e9lectrique.<br><br>Si vous en voulez plus, vous avez \u00e9galement acc\u00e8s \u00e0 la prime Time. Il s&rsquo;agit d&rsquo;une prime d\u00e9pendante de vous (et un peu de nous) ! En effet, si vous souhaitez vous lancer dans un projet d&rsquo;envergure, vous pouvez nous envoyer un dossier de projet avec une demande d&rsquo;aide personnalis\u00e9e ! Soyez cr\u00e9atifs mais \u00e9galement r\u00e9alistes.<\/p>\n\n\n\n<p><\/p>\n\n\n\n<p><\/p>\n\n\n<ol class=\"wp-block-footnotes\"><li id=\"c9e75014-78dc-45a0-b512-22c669dcbc52\">Offre soumise \u00e0 condition, voir r\u00e8glement pour v\u00e9rifier l&rsquo;\u00e9ligibilit\u00e9 de votre v\u00e9hicule <a href=\"#c9e75014-78dc-45a0-b512-22c669dcbc52-link\" aria-label=\"Aller \u00e0 la note de bas de page 1\">\u21a9\ufe0e<\/a><\/li><li id=\"4d52f928-7fd4-4072-85c8-e32d5c94f617\">Offre soumise \u00e0 condition, voir r\u00e8glement pour v\u00e9rifier l&rsquo;\u00e9ligibilit\u00e9 de votre v\u00e9hicule <a href=\"#4d52f928-7fd4-4072-85c8-e32d5c94f617-link\" aria-label=\"Aller \u00e0 la note de bas de page 2\">\u21a9\ufe0e<\/a><\/li><li id=\"43e7aa47-6e76-4453-a843-ba9e497e0ef3\">Valable une fois par mois <a href=\"#43e7aa47-6e76-4453-a843-ba9e497e0ef3-link\" aria-label=\"Aller \u00e0 la note de bas de page 3\">\u21a9\ufe0e<\/a><\/li><li id=\"238bbf11-96f9-4459-80e4-b08d3b34df1c\">Valable une fois tous les deux mois, les heures suppl\u00e9mentaires sont \u00e0 charge du joueur <a href=\"#238bbf11-96f9-4459-80e4-b08d3b34df1c-link\" aria-label=\"Aller \u00e0 la note de bas de page 4\">\u21a9\ufe0e<\/a><\/li><li id=\"f6bee381-71cf-4cd0-8413-5f89ad832362\">Les options de r\u00e9novation ne sont pas valable sur les bus diesel, les cars diesel sont les bienvenus <a href=\"#f6bee381-71cf-4cd0-8413-5f89ad832362-link\" aria-label=\"Aller \u00e0 la note de bas de page 5\">\u21a9\ufe0e<\/a><\/li><\/ol>","protected":false},"excerpt":{"rendered":"<p>A l&rsquo;ADTEM, nous vous proposons une multitude d&rsquo;options ! Nous sommes bien conscient que chaque entreprise est diff\u00e9rent, c&rsquo;est pourquoi nous vous laissons l&rsquo;opportunit\u00e9 de choisir ce qui vous convient le mieux pour progresser dans les niveaux. Les services offerts Par d\u00e9faut, nous vous proposons divers services gratuitement ! En vous inscrivant \u00e0 l&rsquo;ADTEM, profitez [&hellip;]<\/p>\n","protected":false},"author":20,"featured_media":0,"parent":0,"menu_order":0,"comment_status":"closed","ping_status":"closed","template":"","meta":{"saved_in_kubio":false,"footnotes":"[{\"id\":\"c9e75014-78dc-45a0-b512-22c669dcbc52\",\"content\":\"Offre soumise \\u00e0 condition, voir r\\u00e8glement pour v\\u00e9rifier l'\\u00e9ligibilit\\u00e9 de votre v\\u00e9hicule\"},{\"id\":\"4d52f928-7fd4-4072-85c8-e32d5c94f617\",\"content\":\"Offre soumise \\u00e0 condition, voir r\\u00e8glement pour v\\u00e9rifier l'\\u00e9ligibilit\\u00e9 de votre v\\u00e9hicule\"},{\"id\":\"43e7aa47-6e76-4453-a843-ba9e497e0ef3\",\"content\":\"Valable une fois par mois\"},{\"id\":\"238bbf11-96f9-4459-80e4-b08d3b34df1c\",\"content\":\"Valable une fois tous les deux mois, les heures suppl\\u00e9mentaires sont \\u00e0 charge du joueur\"},{\"id\":\"f6bee381-71cf-4cd0-8413-5f89ad832362\",\"content\":\"Les options de r\\u00e9novation ne sont pas valable sur les bus diesel, les cars diesel sont les bienvenus\"}]"},"class_list":["post-4075","page","type-page","status-publish","hentry"],"kubio_ai_page_context":{"short_desc":"","purpose":"general"},"_links":{"self":[{"href":"https:\/\/weballiance.transport-manager.net\/adtem\/wp-json\/wp\/v2\/pages\/4075","targetHints":{"allow":["GET"]}}],"collection":[{"href":"https:\/\/weballiance.transport-manager.net\/adtem\/wp-json\/wp\/v2\/pages"}],"about":[{"href":"https:\/\/weballiance.transport-manager.net\/adtem\/wp-json\/wp\/v2\/types\/page"}],"author":[{"embeddable":true,"href":"https:\/\/weballiance.transport-manager.net\/adtem\/wp-json\/wp\/v2\/users\/20"}],"replies":[{"embeddable":true,"href":"https:\/\/weballiance.transport-manager.net\/adtem\/wp-json\/wp\/v2\/comments?post=4075"}],"version-history":[{"count":20,"href":"https:\/\/weballiance.transport-manager.net\/adtem\/wp-json\/wp\/v2\/pages\/4075\/revisions"}],"predecessor-version":[{"id":4565,"href":"https:\/\/weballiance.transport-manager.net\/adtem\/wp-json\/wp\/v2\/pages\/4075\/revisions\/4565"}],"wp:attachment":[{"href":"https:\/\/weballiance.transport-manager.net\/adtem\/wp-json\/wp\/v2\/media?parent=4075"}],"curies":[{"name":"wp","href":"https:\/\/api.w.org\/{rel}","templated":true}]}}