{"id":4079,"date":"2025-12-01T07:25:19","date_gmt":"2025-12-01T06:25:19","guid":{"rendered":"https:\/\/weballiance.transport-manager.net\/adtem\/?page_id=4079"},"modified":"2026-03-29T00:26:05","modified_gmt":"2026-03-28T23:26:05","slug":"les-aides-a-lexploitation","status":"publish","type":"page","link":"https:\/\/weballiance.transport-manager.net\/adtem\/les-aides-a-lexploitation\/","title":{"rendered":"Les aides \u00e0 l&rsquo;exploitation"},"content":{"rendered":"\n<h2 class=\"wp-block-heading has-vivid-green-cyan-color has-text-color has-link-color wp-elements-63d05dee0138557c4e75964b24190965\"><strong>G\u00e9n\u00e9ralit\u00e9s<\/strong><\/h2>\n\n\n\n<p class=\"has-medium-font-size\">Vous venez de changer de niveau et vous n&rsquo;avez pas assez de v\u00e9hicules pour assurer toutes vos lignes ? La satisfaction de vos clients diminue parce que la fr\u00e9quence de passage vient de baisser ? Laissez nous vous aider. L&rsquo;ADTEM propose des aides \u00e0 l&rsquo;exploitation pour les joueurs de niveau 1 \u00e0 3. La location est pr\u00e9vue pour 4 semaines, renouvelable (dans la limite des conditions de location).<\/p>\n\n\n\n<p class=\"has-medium-font-size\">Concr\u00e8tement, il s&rsquo;agit de location de v\u00e9hicules et employ\u00e9s \u00e0 tarif pr\u00e9f\u00e9rentiel pour vous aider en d\u00e9but de niveau. Mais ce n&rsquo;est pas tout ! Plut\u00f4t que de vous laisser naviguer seul sur ce changement de r\u00e9seau, nous nous occupons de tout. Dites nous quelle ligne doit \u00eatre assur\u00e9e et nous vous enverrons les v\u00e9hicules n\u00e9cessaires ainsi qu&rsquo;un employ\u00e9 par bus pour r\u00e9duire les charges sur le service RH ! Deux types d&rsquo;aide existe :<\/p>\n\n\n\n<ul class=\"wp-block-list\">\n<li class=\"has-medium-font-size\"><strong>L&rsquo;aide totale<\/strong> : On vous loue tous les bus n\u00e9cessaire pour une ligne donn\u00e9e et un employ\u00e9 par bus<\/li>\n\n\n\n<li class=\"has-medium-font-size\"><strong>L&rsquo;aide partielle<\/strong> : S&rsquo;il s&rsquo;agit d&rsquo;une ligne d\u00e9j\u00e0 existante au niveau pr\u00e9c\u00e9dent nous pouvons vous louer les v\u00e9hicules manquant pour atteindre les 100% de fr\u00e9quentation.<\/li>\n<\/ul>\n\n\n\n<p class=\"has-medium-font-size\"><strong>Attention, les v\u00e9hicules lou\u00e9s doivent circuler sur la ligne d\u00e9sign\u00e9e sous peine d&rsquo;amende en cas de contr\u00f4le.<\/strong><\/p>\n\n\n\n<h3 class=\"wp-block-heading has-light-green-cyan-color has-text-color has-link-color wp-elements-ea0b3cc21a240474270e5dbfc1eb4fb8\"><strong>Niveau 1<\/strong><\/h3>\n\n\n\n<figure class=\"wp-block-table is-style-stripes has-medium-font-size\"><table class=\"has-black-color has-text-color has-link-color has-fixed-layout\"><thead><tr><th class=\"has-text-align-center\" data-align=\"center\"><strong>Ligne<\/strong><\/th><th class=\"has-text-align-center\" data-align=\"center\">Tarif (aide totale)<\/th><th class=\"has-text-align-center\" data-align=\"center\">Nombre de v\u00e9hicules<\/th><\/tr><\/thead><tbody><tr><td class=\"has-text-align-center\" data-align=\"center\">Ligne 1<\/td><td class=\"has-text-align-center\" data-align=\"center\">14.000\u20ac<\/td><td class=\"has-text-align-center\" data-align=\"center\">3 articul\u00e9s<\/td><\/tr><tr><td class=\"has-text-align-center\" data-align=\"center\">Ligne 2<\/td><td class=\"has-text-align-center\" data-align=\"center\">34.000\u20ac<\/td><td class=\"has-text-align-center\" data-align=\"center\">8 articul\u00e9s<\/td><\/tr><tr><td class=\"has-text-align-center\" data-align=\"center\">Ligne 3<\/td><td class=\"has-text-align-center\" data-align=\"center\">19.000\u20ac<\/td><td class=\"has-text-align-center\" data-align=\"center\">4 articul\u00e9s<\/td><\/tr><tr><td class=\"has-text-align-center\" data-align=\"center\">Ligne 4<\/td><td class=\"has-text-align-center\" data-align=\"center\">14.000\u20ac<\/td><td class=\"has-text-align-center\" data-align=\"center\">3 standards <\/td><\/tr><\/tbody><\/table><\/figure>\n\n\n\n<h3 class=\"wp-block-heading has-light-green-cyan-color has-text-color has-link-color wp-elements-6a1fafee6ef7d9a6abd411b02432cf74\"><strong>Niveau 2<\/strong><\/h3>\n\n\n\n<figure class=\"wp-block-table is-style-stripes has-medium-font-size\"><table class=\"has-black-color has-text-color has-link-color\"><thead><tr><th class=\"has-text-align-center\" data-align=\"center\"><strong>Ligne<\/strong><\/th><th class=\"has-text-align-center\" data-align=\"center\">Tarif Aide totale<\/th><th class=\"has-text-align-center\" data-align=\"center\">Tarif aide partielle<\/th><th class=\"has-text-align-center\" data-align=\"center\">Nombre de v\u00e9hicules<\/th><\/tr><\/thead><tbody><tr><td class=\"has-text-align-center\" data-align=\"center\">Ligne 1<\/td><td class=\"has-text-align-center\" data-align=\"center\">19.000\u20ac<\/td><td class=\"has-text-align-center\" data-align=\"center\">9.000\u20ac<\/td><td class=\"has-text-align-center\" data-align=\"center\">4 ou 2 articul\u00e9s<\/td><\/tr><tr><td class=\"has-text-align-center\" data-align=\"center\">Ligne 2<\/td><td class=\"has-text-align-center\" data-align=\"center\">58.000\u20ac<\/td><td class=\"has-text-align-center\" data-align=\"center\">29.000\u20ac<\/td><td class=\"has-text-align-center\" data-align=\"center\">13 ou 6 articul\u00e9s<\/td><\/tr><tr><td class=\"has-text-align-center\" data-align=\"center\">Ligne 3<\/td><td class=\"has-text-align-center\" data-align=\"center\">24.000\u20ac<\/td><td class=\"has-text-align-center\" data-align=\"center\">9.000\u20ac<\/td><td class=\"has-text-align-center\" data-align=\"center\">5 ou 2 articul\u00e9s<\/td><\/tr><tr><td class=\"has-text-align-center\" data-align=\"center\">Ligne 4<\/td><td class=\"has-text-align-center\" data-align=\"center\">14.000\u20ac<\/td><td class=\"has-text-align-center\" data-align=\"center\"><\/td><td class=\"has-text-align-center\" data-align=\"center\">3 standards<\/td><\/tr><tr><td class=\"has-text-align-center\" data-align=\"center\">Ligne 5<\/td><td class=\"has-text-align-center\" data-align=\"center\">38.000\u20ac<\/td><td class=\"has-text-align-center\" data-align=\"center\"><\/td><td class=\"has-text-align-center\" data-align=\"center\">8 standards<\/td><\/tr><tr><td class=\"has-text-align-center\" data-align=\"center\">Ligne 6<\/td><td class=\"has-text-align-center\" data-align=\"center\">24.000\u20ac<\/td><td class=\"has-text-align-center\" data-align=\"center\"><\/td><td class=\"has-text-align-center\" data-align=\"center\">5 standards<\/td><\/tr><tr><td class=\"has-text-align-center\" data-align=\"center\">Ligne 7<\/td><td class=\"has-text-align-center\" data-align=\"center\">19.000\u20ac<\/td><td class=\"has-text-align-center\" data-align=\"center\"><\/td><td class=\"has-text-align-center\" data-align=\"center\">4 articul\u00e9s<\/td><\/tr><\/tbody><\/table><\/figure>\n\n\n\n<h3 class=\"wp-block-heading has-light-green-cyan-color has-text-color has-link-color wp-elements-68fd72ee6b5e963f0dec5465a5c6c6ef\"><strong>Niveau 3<\/strong><\/h3>\n\n\n\n<figure class=\"wp-block-table is-style-stripes has-medium-font-size\"><table class=\"has-black-color has-text-color has-link-color\"><thead><tr><th class=\"has-text-align-center\" data-align=\"center\">Ligne<\/th><th class=\"has-text-align-center\" data-align=\"center\">Tarif Aide totale<\/th><th class=\"has-text-align-center\" data-align=\"center\">Tarif aide partielle<\/th><th class=\"has-text-align-center\" data-align=\"center\">Nombre de v\u00e9hicules<\/th><\/tr><\/thead><tbody><tr><td class=\"has-text-align-center\" data-align=\"center\">Ligne 1<\/td><td class=\"has-text-align-center\" data-align=\"center\">29.000\u20ac<\/td><td class=\"has-text-align-center\" data-align=\"center\">10.000\u20ac<\/td><td class=\"has-text-align-center\" data-align=\"center\">6 ou 3 articul\u00e9s<\/td><\/tr><tr><td class=\"has-text-align-center\" data-align=\"center\">Ligne 2 BHNS<\/td><td class=\"has-text-align-center\" data-align=\"center\">70.000\u20ac<\/td><td class=\"has-text-align-center\" data-align=\"center\"><\/td><td class=\"has-text-align-center\" data-align=\"center\">15 articul\u00e9s BHNS<\/td><\/tr><tr><td class=\"has-text-align-center\" data-align=\"center\">Ligne 3 BHNS<\/td><td class=\"has-text-align-center\" data-align=\"center\">58.000\u20ac<\/td><td class=\"has-text-align-center\" data-align=\"center\"><\/td><td class=\"has-text-align-center\" data-align=\"center\">12 standards BHNS<\/td><\/tr><tr><td class=\"has-text-align-center\" data-align=\"center\">Ligne 4<\/td><td class=\"has-text-align-center\" data-align=\"center\">19.000\u20ac<\/td><td class=\"has-text-align-center\" data-align=\"center\">10.000\u20ac<\/td><td class=\"has-text-align-center\" data-align=\"center\">5 ou 2 standards<\/td><\/tr><tr><td class=\"has-text-align-center\" data-align=\"center\">Ligne 5<\/td><td class=\"has-text-align-center\" data-align=\"center\">38.000\u20ac<\/td><td class=\"has-text-align-center\" data-align=\"center\">14.000\u20ac<\/td><td class=\"has-text-align-center\" data-align=\"center\">9 ou 3 articul\u00e9s<\/td><\/tr><tr><td class=\"has-text-align-center\" data-align=\"center\">Ligne 6<\/td><td class=\"has-text-align-center\" data-align=\"center\">24.000\u20ac<\/td><td class=\"has-text-align-center\" data-align=\"center\">5.000\u20ac<\/td><td class=\"has-text-align-center\" data-align=\"center\">5 ou 1 standards<\/td><\/tr><tr><td class=\"has-text-align-center\" data-align=\"center\">Ligne 7<\/td><td class=\"has-text-align-center\" data-align=\"center\">24.000\u20ac<\/td><td class=\"has-text-align-center\" data-align=\"center\">5.000\u20ac<\/td><td class=\"has-text-align-center\" data-align=\"center\">5 ou 1 articul\u00e9s<\/td><\/tr><tr><td class=\"has-text-align-center\" data-align=\"center\">Ligne 8<\/td><td class=\"has-text-align-center\" data-align=\"center\">29.000\u20ac<\/td><td class=\"has-text-align-center\" data-align=\"center\"><\/td><td class=\"has-text-align-center\" data-align=\"center\">7 standards<\/td><\/tr><tr><td class=\"has-text-align-center\" data-align=\"center\">Ligne 9<\/td><td class=\"has-text-align-center\" data-align=\"center\">29.000\u20ac<\/td><td class=\"has-text-align-center\" data-align=\"center\"><\/td><td class=\"has-text-align-center\" data-align=\"center\">6 standards<\/td><\/tr><tr><td class=\"has-text-align-center\" data-align=\"center\">Ligne 10<\/td><td class=\"has-text-align-center\" data-align=\"center\">24.000\u20ac<\/td><td class=\"has-text-align-center\" data-align=\"center\"><\/td><td class=\"has-text-align-center\" data-align=\"center\">6 articul\u00e9s<\/td><\/tr><tr><td class=\"has-text-align-center\" data-align=\"center\">Ligne 11<\/td><td class=\"has-text-align-center\" data-align=\"center\">24.000\u20ac<\/td><td class=\"has-text-align-center\" data-align=\"center\"><\/td><td class=\"has-text-align-center\" data-align=\"center\">5 standards<\/td><\/tr><tr><td class=\"has-text-align-center\" data-align=\"center\">Ligne 61<\/td><td class=\"has-text-align-center\" data-align=\"center\">14.000\u20ac<\/td><td class=\"has-text-align-center\" data-align=\"center\"><\/td><td class=\"has-text-align-center\" data-align=\"center\">3 standards<\/td><\/tr><\/tbody><\/table><\/figure>\n\n\n\n<h2 class=\"wp-block-heading has-vivid-green-cyan-color has-text-color has-link-color wp-elements-44b9df2f2ac118e561a48c4f6b7591a5\"><strong>Besoin d&rsquo;aide pour l&rsquo;une de vos lignes ?<\/strong><\/h2>\n\n\n\n<div class=\"wp-block-buttons is-content-justification-center is-layout-flex wp-container-core-buttons-is-layout-16018d1d wp-block-buttons-is-layout-flex\">\n<div class=\"wp-block-button\"><a class=\"wp-block-button__link wp-element-button\" href=\"https:\/\/forms.gle\/oXnHyQqgpaKPBcMA9\">Formulaire AE<\/a><\/div>\n\n\n\n<div class=\"wp-block-button\"><a class=\"wp-block-button__link wp-element-button\" href=\"https:\/\/docs.google.com\/spreadsheets\/d\/1AlSoU2lFlOqn-hXXm0EDr5R8vzW4i2-8E2n9nrbfEDc\/edit?usp=sharing\">Disponibilit\u00e9 du parc de location<\/a><\/div>\n<\/div>\n","protected":false},"excerpt":{"rendered":"<p>G\u00e9n\u00e9ralit\u00e9s Vous venez de changer de niveau et vous n&rsquo;avez pas assez de v\u00e9hicules pour assurer toutes vos lignes ? La satisfaction de vos clients diminue parce que la fr\u00e9quence de passage vient de baisser ? Laissez nous vous aider. L&rsquo;ADTEM propose des aides \u00e0 l&rsquo;exploitation pour les joueurs de niveau 1 \u00e0 3. La [&hellip;]<\/p>\n","protected":false},"author":20,"featured_media":0,"parent":0,"menu_order":0,"comment_status":"closed","ping_status":"closed","template":"","meta":{"saved_in_kubio":true,"footnotes":""},"class_list":["post-4079","page","type-page","status-publish","hentry"],"kubio_ai_page_context":{"short_desc":"","purpose":"general"},"_links":{"self":[{"href":"https:\/\/weballiance.transport-manager.net\/adtem\/wp-json\/wp\/v2\/pages\/4079","targetHints":{"allow":["GET"]}}],"collection":[{"href":"https:\/\/weballiance.transport-manager.net\/adtem\/wp-json\/wp\/v2\/pages"}],"about":[{"href":"https:\/\/weballiance.transport-manager.net\/adtem\/wp-json\/wp\/v2\/types\/page"}],"author":[{"embeddable":true,"href":"https:\/\/weballiance.transport-manager.net\/adtem\/wp-json\/wp\/v2\/users\/20"}],"replies":[{"embeddable":true,"href":"https:\/\/weballiance.transport-manager.net\/adtem\/wp-json\/wp\/v2\/comments?post=4079"}],"version-history":[{"count":15,"href":"https:\/\/weballiance.transport-manager.net\/adtem\/wp-json\/wp\/v2\/pages\/4079\/revisions"}],"predecessor-version":[{"id":4789,"href":"https:\/\/weballiance.transport-manager.net\/adtem\/wp-json\/wp\/v2\/pages\/4079\/revisions\/4789"}],"wp:attachment":[{"href":"https:\/\/weballiance.transport-manager.net\/adtem\/wp-json\/wp\/v2\/media?parent=4079"}],"curies":[{"name":"wp","href":"https:\/\/api.w.org\/{rel}","templated":true}]}}