{"id":4085,"date":"2025-12-10T13:58:28","date_gmt":"2025-12-10T12:58:28","guid":{"rendered":"https:\/\/weballiance.transport-manager.net\/adtem\/?page_id=4085"},"modified":"2026-03-21T15:59:30","modified_gmt":"2026-03-21T14:59:30","slug":"la-comptabilite","status":"publish","type":"page","link":"https:\/\/weballiance.transport-manager.net\/adtem\/la-comptabilite\/","title":{"rendered":"La comptabilit\u00e9"},"content":{"rendered":"\n<p class=\"has-medium-font-size\">L&rsquo;ADTEM \u00e9tant d&rsquo;abord un groupement d&rsquo;entreprises, nous nous devons de vous partager notre comptabilit\u00e9 (simplifi\u00e9e) afin de vous informer de ce que nous faisons avec vos cotisations. En effet, sans ses membres, l&rsquo;alliance ne serait pas en mesure d&rsquo;assurer quoi que ce soit.<\/p>\n\n\n<ul class=\"wp-block-latest-posts__list has-dates has-author wp-block-latest-posts style--widget-box style-local--widget-box wp-block-kubio-core-latest-posts__widget-box\"><\/ul>\n\n\n<p><\/p>\n","protected":false},"excerpt":{"rendered":"<p>L&rsquo;ADTEM \u00e9tant d&rsquo;abord un groupement d&rsquo;entreprises, nous nous devons de vous partager notre comptabilit\u00e9 (simplifi\u00e9e) afin de vous informer de ce que nous faisons avec vos cotisations. En effet, sans ses membres, l&rsquo;alliance ne serait pas en mesure d&rsquo;assurer quoi que ce soit.<\/p>\n","protected":false},"author":20,"featured_media":0,"parent":0,"menu_order":0,"comment_status":"closed","ping_status":"closed","template":"","meta":{"saved_in_kubio":false,"footnotes":""},"class_list":["post-4085","page","type-page","status-publish","hentry"],"kubio_ai_page_context":{"short_desc":"","purpose":"general"},"_links":{"self":[{"href":"https:\/\/weballiance.transport-manager.net\/adtem\/wp-json\/wp\/v2\/pages\/4085","targetHints":{"allow":["GET"]}}],"collection":[{"href":"https:\/\/weballiance.transport-manager.net\/adtem\/wp-json\/wp\/v2\/pages"}],"about":[{"href":"https:\/\/weballiance.transport-manager.net\/adtem\/wp-json\/wp\/v2\/types\/page"}],"author":[{"embeddable":true,"href":"https:\/\/weballiance.transport-manager.net\/adtem\/wp-json\/wp\/v2\/users\/20"}],"replies":[{"embeddable":true,"href":"https:\/\/weballiance.transport-manager.net\/adtem\/wp-json\/wp\/v2\/comments?post=4085"}],"version-history":[{"count":6,"href":"https:\/\/weballiance.transport-manager.net\/adtem\/wp-json\/wp\/v2\/pages\/4085\/revisions"}],"predecessor-version":[{"id":4613,"href":"https:\/\/weballiance.transport-manager.net\/adtem\/wp-json\/wp\/v2\/pages\/4085\/revisions\/4613"}],"wp:attachment":[{"href":"https:\/\/weballiance.transport-manager.net\/adtem\/wp-json\/wp\/v2\/media?parent=4085"}],"curies":[{"name":"wp","href":"https:\/\/api.w.org\/{rel}","templated":true}]}}