{"id":4100,"date":"2025-12-01T12:49:11","date_gmt":"2025-12-01T11:49:11","guid":{"rendered":"https:\/\/weballiance.transport-manager.net\/adtem\/?page_id=4100"},"modified":"2026-03-28T23:21:34","modified_gmt":"2026-03-28T22:21:34","slug":"reparation-renovation","status":"publish","type":"page","link":"https:\/\/weballiance.transport-manager.net\/adtem\/reparation-renovation\/","title":{"rendered":"R\u00e9paration\/R\u00e9novation"},"content":{"rendered":"\n<h3 class=\"wp-block-heading has-vivid-green-cyan-color has-text-color has-link-color wp-elements-002a84ec6ec61b16b9e8d55378fd3dfe\"><strong>Les pannes<\/strong><\/h3>\n\n\n\n<p class=\"has-medium-font-size\">Un v\u00e9hicule en panne ? Un accident de la circulation qui met votre comptabilit\u00e9 dans le rouge ? Gr\u00e2ce \u00e0 l&rsquo;as de l&rsquo;atelier, vous b\u00e9n\u00e9ficiez d&rsquo;une dotation de 10.000\u20ac pour vous aider \u00e0 g\u00e9rer vos pannes en toute tranquillit\u00e9. Toujours sous pression parce que vous n&rsquo;avez pas de r\u00e9serve ? Nous pouvons m\u00eame mettre un v\u00e9hicule de remplacement \u00e0 votre disposition. Dans le cas o\u00f9 vos ateliers sont pleins, nous pouvons prendre la panne en charge dans l&rsquo;un de nos 24 ateliers Bus &amp; Cars ou dans l&rsquo;un de nos deux ateliers Trams.<br>Attention, certaines r\u00e8gles restent d&rsquo;application :<\/p>\n\n\n\n<ul class=\"wp-block-list\">\n<li class=\"has-medium-font-size\">Le v\u00e9hicule doit \u00eatre r\u00e9vis\u00e9 dans les 6 derniers mois<\/li>\n\n\n\n<li class=\"has-medium-font-size\">Les r\u00e8gles relatives \u00e0 la location sont d&rsquo;application<\/li>\n\n\n\n<li class=\"has-medium-font-size\">La demande doit \u00eatre faite dans les 7 jours suivant la panne<\/li>\n\n\n\n<li class=\"has-medium-font-size\">Les v\u00e9hicules diesels (except\u00e9s les cars de tourisme) ne sont pas pris en charge<\/li>\n<\/ul>\n\n\n\n<p class=\"has-medium-font-size\">Dans le cas o\u00f9 vous n&rsquo;avez pas l&rsquo;As de l&rsquo;atelier, nous pouvons prendre la panne en charge dans nos ateliers mais la facture reste \u00e0 votre charge.<\/p>\n\n\n\n<h3 class=\"wp-block-heading has-vivid-green-cyan-color has-text-color has-link-color wp-elements-9bdec39b3737cbf2473bb26f18142e78\"><strong>Les r\u00e9novations<\/strong><\/h3>\n\n\n\n<p class=\"has-medium-font-size\">Vous avez un parc vieillissant et vous souhaitez le r\u00e9nover ? Vous n&rsquo;avez pas l&rsquo;argent pour le faire ? Pas de probl\u00e8mes, nous vous proposons trois paliers de financement pour vous aider dans vos r\u00e9novations.<\/p>\n\n\n\n<ul class=\"wp-block-list\">\n<li class=\"has-medium-font-size\">Super r\u00e9nov&rsquo; : 50.000\u20ac par mois \u00e0 disposition pour les r\u00e9novations <\/li>\n\n\n\n<li class=\"has-medium-font-size\">Maxi r\u00e9nov&rsquo; : 100.000\u20ac par mois \u00e0 disposition pour les r\u00e9novations<\/li>\n\n\n\n<li class=\"has-medium-font-size\">Ultra r\u00e9nov&rsquo; : 400.000\u20ac par mois \u00e0 disposition pour les r\u00e9novations<\/li>\n<\/ul>\n\n\n\n<p class=\"has-medium-font-size\">Bien entendu, certaines r\u00e8gles sont \u00e0 respecter :<\/p>\n\n\n\n<ul class=\"wp-block-list\">\n<li class=\"has-medium-font-size\">La r\u00e9novation doit se passer dans vos ateliers<\/li>\n\n\n\n<li class=\"has-medium-font-size\">La demande de remboursement doit \u00eatre faite dans les 7 jours suivant la r\u00e9novation<\/li>\n\n\n\n<li class=\"has-medium-font-size\">Les v\u00e9hicules diesels (hors cars) ne sont pas couverts<\/li>\n<\/ul>\n\n\n\n<h2 class=\"wp-block-heading has-vivid-green-cyan-color has-text-color has-link-color wp-elements-d45cec783a48a39a094c1365a5235b95\"><strong>Besoin d&rsquo;un traitement d&rsquo;une panne ?<\/strong><\/h2>\n\n\n\n<div class=\"wp-block-buttons is-content-justification-center is-layout-flex wp-container-core-buttons-is-layout-16018d1d wp-block-buttons-is-layout-flex\">\n<div class=\"wp-block-button\"><a class=\"wp-block-button__link wp-element-button\" href=\"https:\/\/forms.gle\/CpktpUzFTcXSmbKL6\">Les remboursements<\/a><\/div>\n<\/div>\n","protected":false},"excerpt":{"rendered":"<p>Les pannes Un v\u00e9hicule en panne ? Un accident de la circulation qui met votre comptabilit\u00e9 dans le rouge ? Gr\u00e2ce \u00e0 l&rsquo;as de l&rsquo;atelier, vous b\u00e9n\u00e9ficiez d&rsquo;une dotation de 10.000\u20ac pour vous aider \u00e0 g\u00e9rer vos pannes en toute tranquillit\u00e9. Toujours sous pression parce que vous n&rsquo;avez pas de r\u00e9serve ? Nous pouvons m\u00eame [&hellip;]<\/p>\n","protected":false},"author":20,"featured_media":4260,"parent":0,"menu_order":0,"comment_status":"closed","ping_status":"closed","template":"","meta":{"saved_in_kubio":true,"footnotes":""},"class_list":["post-4100","page","type-page","status-publish","has-post-thumbnail","hentry"],"kubio_ai_page_context":{"short_desc":"","purpose":"general"},"_links":{"self":[{"href":"https:\/\/weballiance.transport-manager.net\/adtem\/wp-json\/wp\/v2\/pages\/4100","targetHints":{"allow":["GET"]}}],"collection":[{"href":"https:\/\/weballiance.transport-manager.net\/adtem\/wp-json\/wp\/v2\/pages"}],"about":[{"href":"https:\/\/weballiance.transport-manager.net\/adtem\/wp-json\/wp\/v2\/types\/page"}],"author":[{"embeddable":true,"href":"https:\/\/weballiance.transport-manager.net\/adtem\/wp-json\/wp\/v2\/users\/20"}],"replies":[{"embeddable":true,"href":"https:\/\/weballiance.transport-manager.net\/adtem\/wp-json\/wp\/v2\/comments?post=4100"}],"version-history":[{"count":8,"href":"https:\/\/weballiance.transport-manager.net\/adtem\/wp-json\/wp\/v2\/pages\/4100\/revisions"}],"predecessor-version":[{"id":4785,"href":"https:\/\/weballiance.transport-manager.net\/adtem\/wp-json\/wp\/v2\/pages\/4100\/revisions\/4785"}],"wp:featuredmedia":[{"embeddable":true,"href":"https:\/\/weballiance.transport-manager.net\/adtem\/wp-json\/wp\/v2\/media\/4260"}],"wp:attachment":[{"href":"https:\/\/weballiance.transport-manager.net\/adtem\/wp-json\/wp\/v2\/media?parent=4100"}],"curies":[{"name":"wp","href":"https:\/\/api.w.org\/{rel}","templated":true}]}}