{"id":4102,"date":"2025-12-01T15:28:05","date_gmt":"2025-12-01T14:28:05","guid":{"rendered":"https:\/\/weballiance.transport-manager.net\/adtem\/?page_id=4102"},"modified":"2026-03-29T00:08:20","modified_gmt":"2026-03-28T23:08:20","slug":"les-primes","status":"publish","type":"page","link":"https:\/\/weballiance.transport-manager.net\/adtem\/les-primes\/","title":{"rendered":"Les primes"},"content":{"rendered":"\n<h3 class=\"wp-block-heading has-vivid-green-cyan-color has-text-color has-link-color wp-elements-25e57da087d94c6760c8085c4471fba4\"><strong>Prime GNV<\/strong><\/h3>\n\n\n\n<p class=\"has-medium-font-size\">Vous \u00eates fan du biocarburant et vous croyez en ses capacit\u00e9s ? Nous aussi !<\/p>\n\n\n\n<p class=\"has-medium-font-size\">Si vous construisez une citerne de compression GNV, recevez une prime de 100.000\u20ac \u00e0 condition de louer 6 bus GNV pour 8 semaines. De quoi facilement lancer votre transition de mani\u00e8re progressive.<\/p>\n\n\n\n<p class=\"has-medium-font-size\">Si vous mettez votre citerne aux normes (pour les N3 &amp; +), recevez une prime de 300.000\u20ac \u00e0 condition de rester \u00e0 l&rsquo;ADTEM pendant 2 mois.<\/p>\n\n\n\n<p class=\"has-medium-font-size\">Quelques r\u00e8gles s&rsquo;appliquent \u00e0 cette prime :<\/p>\n\n\n\n<ul class=\"wp-block-list\">\n<li class=\"has-medium-font-size\">La demande doit \u00eatre faite dans les 7 jours suivant la construction ou mise aux normes<\/li>\n<\/ul>\n\n\n\n<h3 class=\"wp-block-heading has-vivid-green-cyan-color has-text-color has-link-color wp-elements-f381881b4200e3be214169071a62998e\"><strong>Prime Elec<\/strong><\/h3>\n\n\n\n<p class=\"has-medium-font-size\">Vous vous int\u00e9ressez \u00e0 l&rsquo;\u00e9lectrique mais vous trouvez que les co\u00fbts de lancement sont bien trop \u00e9lev\u00e9s ? Nous vous comprenons et nous avons quelques solutions !<\/p>\n\n\n\n<p class=\"has-medium-font-size\">Si vous construisez votre premier lot de bornes \u00e9lectriques, recevez 400.000\u20ac de primes \u00e0 condition de louer 6 v\u00e9hicules pendant 8 semaines.<\/p>\n\n\n\n<p class=\"has-medium-font-size\">Dans le cas o\u00f9 vous achetez des v\u00e9hicules \u00e9lectriques, b\u00e9n\u00e9ficiez aussi de primes !<\/p>\n\n\n\n<ul class=\"wp-block-list\">\n<li class=\"has-medium-font-size\">Pour chaque tranche de 5 bus \u00e9lectriques achet\u00e9 sous Achat Group\u00e9, recevez 125.000\u20ac (soit 25.000\u20ac par v\u00e9hicule)<\/li>\n\n\n\n<li class=\"has-medium-font-size\">Pour chaque tranche de 5 bus \u00e9lectriques achet\u00e9 hors Achat Group\u00e9, recevez 50.000\u20ac (soit 10.000\u20ac par v\u00e9hicule)<\/li>\n<\/ul>\n\n\n\n<p class=\"has-medium-font-size\">Deux r\u00e8gles s&rsquo;appliquent pour cette prime :<\/p>\n\n\n\n<ul class=\"wp-block-list\">\n<li class=\"has-medium-font-size\">La demande doit \u00eatre effectu\u00e9e dans les 7 jours suivant la construction du lot de borne ou la commande des 5 v\u00e9hicules<\/li>\n\n\n\n<li class=\"has-medium-font-size\">Vous ne pouvez pas r\u00e9clamer plus de deux primes li\u00e9e \u00e0 l&rsquo;achat de v\u00e9hicule \u00e9lectrique par mois<\/li>\n\n\n\n<li class=\"has-medium-font-size\">Vous devez avoir cette option depuis au moins 3 mois pour pouvoir en profiter<\/li>\n<\/ul>\n\n\n\n<h3 class=\"wp-block-heading has-vivid-green-cyan-color has-text-color has-link-color wp-elements-18fb9af84d3b71e0abb3a8a0c602257b\"><strong>Prime time<\/strong><\/h3>\n\n\n\n<p class=\"has-medium-font-size\">Vous avez un gros projet d&rsquo;\u00e9lectrification de votre r\u00e9seau et la prime Elec ne vous suffit pas ? Nous sommes et restons \u00e0 votre \u00e9coute. Cette prime est faite pour les entrepreneurs voulant poser des bornes au d\u00e9p\u00f4t ou en fin de ligne et qui n&rsquo;ont pas froid au yeux. Montez nous un dossier, pr\u00e9sentez votre projet et vos attentes vis-\u00e0-vis de l&rsquo;ADTEM et nous verrons ce que nous pouvons accomplir pour vous aider. L&rsquo;alliance peut soit accepter votre proposition, soit vous faire une contre-offre.<\/p>\n\n\n\n<p class=\"has-medium-font-size\">Pour en b\u00e9n\u00e9ficier, il vous faut envoyer votre dossier par messagerie en jeu \u00e0 destination de l&rsquo;ADTEM. Vous pouvez soit faire votre dossier dans l&rsquo;objet soit sur un document s\u00e9par\u00e9 avec un lien permettant de le visualiser\/t\u00e9l\u00e9charger.<\/p>\n\n\n\n<h3 class=\"wp-block-heading has-vivid-green-cyan-color has-text-color has-link-color wp-elements-1ae0c775bde8f0e3778d6c86f7030306\">Prime de conversion<\/h3>\n\n\n\n<p class=\"has-medium-font-size\">Vous \u00eates niveau 1 ou 2 et vous souhaitez vous s\u00e9parer de vos v\u00e9hicules diesel pour un v\u00e9hicule propre ? Tr\u00e8s bonne id\u00e9e, laissez nous vous aider ! En fonction de vos envies, vous pouvez :<\/p>\n\n\n\n<ul class=\"wp-block-list\">\n<li class=\"has-medium-font-size\">Nous vendre le v\u00e9hicule \u00e0 l&rsquo;argus +10% (les 10% correspondent donc \u00e0 la prime vers\u00e9e)<\/li>\n\n\n\n<li class=\"has-medium-font-size\">Effectuer une reprise en concession pour recevoir une prime de 20.000\u20ac par v\u00e9hicule repris<\/li>\n<\/ul>\n\n\n\n<p class=\"has-medium-font-size\">Pour en b\u00e9n\u00e9ficier, il est n\u00e9cessaire de remplacer un v\u00e9hicule diesel par un v\u00e9hicule propre et de faire la demande dans les 7 jours suivant la reprise ou l&rsquo;achat du rempla\u00e7ant.<\/p>\n\n\n\n<h2 class=\"wp-block-heading has-vivid-green-cyan-color has-text-color has-link-color wp-elements-9fd7862c5085fdf849cf8a5ca6fae119\"><strong>Envie de profiter d&rsquo;une de nos primes ?<\/strong><\/h2>\n\n\n\n<div class=\"wp-block-buttons is-content-justification-center is-layout-flex wp-container-core-buttons-is-layout-16018d1d wp-block-buttons-is-layout-flex\">\n<div class=\"wp-block-button\"><a class=\"wp-block-button__link wp-element-button\" href=\"https:\/\/forms.gle\/w6Wu2U7bGQGPR4FTA\">Les primes<\/a><\/div>\n<\/div>\n","protected":false},"excerpt":{"rendered":"<p>Prime GNV Vous \u00eates fan du biocarburant et vous croyez en ses capacit\u00e9s ? Nous aussi ! Si vous construisez une citerne de compression GNV, recevez une prime de 100.000\u20ac \u00e0 condition de louer 6 bus GNV pour 8 semaines. De quoi facilement lancer votre transition de mani\u00e8re progressive. Si vous mettez votre citerne aux [&hellip;]<\/p>\n","protected":false},"author":20,"featured_media":0,"parent":0,"menu_order":0,"comment_status":"closed","ping_status":"closed","template":"","meta":{"saved_in_kubio":true,"footnotes":""},"class_list":["post-4102","page","type-page","status-publish","hentry"],"kubio_ai_page_context":{"short_desc":"","purpose":"general"},"_links":{"self":[{"href":"https:\/\/weballiance.transport-manager.net\/adtem\/wp-json\/wp\/v2\/pages\/4102","targetHints":{"allow":["GET"]}}],"collection":[{"href":"https:\/\/weballiance.transport-manager.net\/adtem\/wp-json\/wp\/v2\/pages"}],"about":[{"href":"https:\/\/weballiance.transport-manager.net\/adtem\/wp-json\/wp\/v2\/types\/page"}],"author":[{"embeddable":true,"href":"https:\/\/weballiance.transport-manager.net\/adtem\/wp-json\/wp\/v2\/users\/20"}],"replies":[{"embeddable":true,"href":"https:\/\/weballiance.transport-manager.net\/adtem\/wp-json\/wp\/v2\/comments?post=4102"}],"version-history":[{"count":14,"href":"https:\/\/weballiance.transport-manager.net\/adtem\/wp-json\/wp\/v2\/pages\/4102\/revisions"}],"predecessor-version":[{"id":4787,"href":"https:\/\/weballiance.transport-manager.net\/adtem\/wp-json\/wp\/v2\/pages\/4102\/revisions\/4787"}],"wp:attachment":[{"href":"https:\/\/weballiance.transport-manager.net\/adtem\/wp-json\/wp\/v2\/media?parent=4102"}],"curies":[{"name":"wp","href":"https:\/\/api.w.org\/{rel}","templated":true}]}}