{"id":4138,"date":"2025-12-10T14:05:30","date_gmt":"2025-12-10T13:05:30","guid":{"rendered":"https:\/\/weballiance.transport-manager.net\/adtem\/?page_id=4138"},"modified":"2026-03-28T21:03:34","modified_gmt":"2026-03-28T20:03:34","slug":"les-partenariats","status":"publish","type":"page","link":"https:\/\/weballiance.transport-manager.net\/adtem\/les-partenariats\/","title":{"rendered":"Les partenariats"},"content":{"rendered":"\n<div class=\"wp-block-group is-horizontal is-nowrap is-layout-flex wp-container-core-group-is-layout-41b81202 wp-block-group-is-layout-flex\"><div class=\"wp-block-image is-style-default\">\n<figure class=\"aligncenter size-large wp-container-content-1387b69e\"><img loading=\"lazy\" decoding=\"async\" width=\"1024\" height=\"290\" src=\"https:\/\/weballiance.transport-manager.net\/adtem\/wp-content\/uploads\/sites\/2\/2026\/03\/LOgO2-1024x290.png\" alt=\"\" class=\"wp-image-4767\" srcset=\"https:\/\/weballiance.transport-manager.net\/adtem\/wp-content\/uploads\/sites\/2\/2026\/03\/LOgO2-1024x290.png 1024w, https:\/\/weballiance.transport-manager.net\/adtem\/wp-content\/uploads\/sites\/2\/2026\/03\/LOgO2-300x85.png 300w, https:\/\/weballiance.transport-manager.net\/adtem\/wp-content\/uploads\/sites\/2\/2026\/03\/LOgO2-768x218.png 768w, https:\/\/weballiance.transport-manager.net\/adtem\/wp-content\/uploads\/sites\/2\/2026\/03\/LOgO2-1536x435.png 1536w, https:\/\/weballiance.transport-manager.net\/adtem\/wp-content\/uploads\/sites\/2\/2026\/03\/LOgO2-2048x580.png 2048w, https:\/\/weballiance.transport-manager.net\/adtem\/wp-content\/uploads\/sites\/2\/2026\/03\/LOgO2-1920x544.png 1920w\" sizes=\"(max-width: 1024px) 100vw, 1024px\" \/><\/figure>\n<\/div>\n\n\n<figure class=\"wp-block-image size-large wp-container-content-9cfa9a5a\"><img loading=\"lazy\" decoding=\"async\" width=\"1024\" height=\"249\" src=\"https:\/\/weballiance.transport-manager.net\/adtem\/wp-content\/uploads\/sites\/2\/2021\/04\/cropped-logo-1024x249.png\" alt=\"\" class=\"wp-image-59\" srcset=\"https:\/\/weballiance.transport-manager.net\/adtem\/wp-content\/uploads\/sites\/2\/2021\/04\/cropped-logo-1024x249.png 1024w, https:\/\/weballiance.transport-manager.net\/adtem\/wp-content\/uploads\/sites\/2\/2021\/04\/cropped-logo-300x73.png 300w, https:\/\/weballiance.transport-manager.net\/adtem\/wp-content\/uploads\/sites\/2\/2021\/04\/cropped-logo-768x187.png 768w, https:\/\/weballiance.transport-manager.net\/adtem\/wp-content\/uploads\/sites\/2\/2021\/04\/cropped-logo-1536x373.png 1536w, https:\/\/weballiance.transport-manager.net\/adtem\/wp-content\/uploads\/sites\/2\/2021\/04\/cropped-logo-2048x497.png 2048w\" sizes=\"(max-width: 1024px) 100vw, 1024px\" \/><\/figure>\n<\/div>\n\n\n\n<p><\/p>\n\n\n<div class=\"wp-block-image\">\n<figure class=\"aligncenter size-large is-resized\"><img loading=\"lazy\" decoding=\"async\" width=\"1024\" height=\"576\" src=\"https:\/\/weballiance.transport-manager.net\/adtem\/wp-content\/uploads\/sites\/2\/2026\/03\/InfrAlliance_nback-1024x576.png\" alt=\"\" class=\"wp-image-4589\" style=\"width:500px\" srcset=\"https:\/\/weballiance.transport-manager.net\/adtem\/wp-content\/uploads\/sites\/2\/2026\/03\/InfrAlliance_nback-1024x576.png 1024w, https:\/\/weballiance.transport-manager.net\/adtem\/wp-content\/uploads\/sites\/2\/2026\/03\/InfrAlliance_nback-300x169.png 300w, https:\/\/weballiance.transport-manager.net\/adtem\/wp-content\/uploads\/sites\/2\/2026\/03\/InfrAlliance_nback-768x432.png 768w, https:\/\/weballiance.transport-manager.net\/adtem\/wp-content\/uploads\/sites\/2\/2026\/03\/InfrAlliance_nback-1536x864.png 1536w, https:\/\/weballiance.transport-manager.net\/adtem\/wp-content\/uploads\/sites\/2\/2026\/03\/InfrAlliance_nback-1232x693.png 1232w, https:\/\/weballiance.transport-manager.net\/adtem\/wp-content\/uploads\/sites\/2\/2026\/03\/InfrAlliance_nback.png 1920w\" sizes=\"(max-width: 1024px) 100vw, 1024px\" \/><\/figure>\n<\/div>\n\n\n<p class=\"has-medium-font-size\" style=\"text-transform:none\">Sans ses partenaires, l&rsquo;ADTEM aurait bien du mal \u00e0 \u00eatre ce qu&rsquo;elle est. Pour cela, nous remercions chaleureusement la Banque Azur et la concession Evobus pour leurs partenariats de longue date.<\/p>\n\n\n\n<p class=\"has-medium-font-size\">En plus de ces deux partenariats, l&rsquo;ADTEM est \u00e9galement en \u00e9troite collaboration avec InfrAlliance afin de mutualiser les efforts \u00e9cologiques des deux alliances. C&rsquo;est dans ce cadre que nous vous aidons conjointement \u00e0 l&rsquo;achat de bornes \u00e9lectriques &amp; \u00e0 la construction ou la mise aux normes de votre citerne GNV.<\/p>\n\n\n\n<h3 class=\"wp-block-heading has-vivid-green-cyan-color has-text-color has-link-color wp-elements-ee8512ba275fbb91847797aa793af6ce\"><strong>Les avantages avec la Banque Azur<\/strong><\/h3>\n\n\n\n<p class=\"has-medium-font-size\">Gr\u00e2ce \u00e0 notre partenaire, b\u00e9n\u00e9ficiez de vos cr\u00e9dits Evolis avec des taux d&rsquo;int\u00e9r\u00eat nuls ! Plus besoin de stresser sur les montants ou la dur\u00e9e de l&#8217;emprunt. Peu importe la dur\u00e9e du cr\u00e9dit, celui-ci sera gratuit pour vous !<\/p>\n\n\n\n<h3 class=\"wp-block-heading has-vivid-green-cyan-color has-text-color has-link-color wp-elements-0c368e44bbe5527fb226118772737f3e\"><strong>Les avantages dans la concession Evobus<\/strong><\/h3>\n\n\n\n<p class=\"has-medium-font-size\">Quoi de mieux qu&rsquo;une flotte bien entretenue ? Une flotte de qualit\u00e9 et achet\u00e9e moins cher bien entendu !<\/p>\n\n\n\n<p class=\"has-medium-font-size\">Avec notre partenariat avec Evobus, vous b\u00e9n\u00e9ficiez du contrat Gold gratuitement pour \u00e9conomiser un maximum sur vos devis. Toujours pas satisfait ? Alors foncez voir le catalogue sp\u00e9cial ADTEM pour profiter de certains mod\u00e8les \u00e0 prix mini ! Pour cela, rien de plus simple, rendez-vous dans votre <a href=\"https:\/\/weballiance.transport-manager.net\/adtem\/les-espaces-membres-acceuil\/\" data-type=\"page\" data-id=\"4081\">espace membre<\/a> pour en profiter.<\/p>\n\n\n\n<p><\/p>\n","protected":false},"excerpt":{"rendered":"<p>Sans ses partenaires, l&rsquo;ADTEM aurait bien du mal \u00e0 \u00eatre ce qu&rsquo;elle est. Pour cela, nous remercions chaleureusement la Banque Azur et la concession Evobus pour leurs partenariats de longue date. En plus de ces deux partenariats, l&rsquo;ADTEM est \u00e9galement en \u00e9troite collaboration avec InfrAlliance afin de mutualiser les efforts \u00e9cologiques des deux alliances. C&rsquo;est [&hellip;]<\/p>\n","protected":false},"author":20,"featured_media":0,"parent":0,"menu_order":0,"comment_status":"closed","ping_status":"closed","template":"","meta":{"saved_in_kubio":true,"footnotes":""},"class_list":["post-4138","page","type-page","status-publish","hentry"],"kubio_ai_page_context":{"short_desc":"","purpose":"general"},"_links":{"self":[{"href":"https:\/\/weballiance.transport-manager.net\/adtem\/wp-json\/wp\/v2\/pages\/4138","targetHints":{"allow":["GET"]}}],"collection":[{"href":"https:\/\/weballiance.transport-manager.net\/adtem\/wp-json\/wp\/v2\/pages"}],"about":[{"href":"https:\/\/weballiance.transport-manager.net\/adtem\/wp-json\/wp\/v2\/types\/page"}],"author":[{"embeddable":true,"href":"https:\/\/weballiance.transport-manager.net\/adtem\/wp-json\/wp\/v2\/users\/20"}],"replies":[{"embeddable":true,"href":"https:\/\/weballiance.transport-manager.net\/adtem\/wp-json\/wp\/v2\/comments?post=4138"}],"version-history":[{"count":32,"href":"https:\/\/weballiance.transport-manager.net\/adtem\/wp-json\/wp\/v2\/pages\/4138\/revisions"}],"predecessor-version":[{"id":4774,"href":"https:\/\/weballiance.transport-manager.net\/adtem\/wp-json\/wp\/v2\/pages\/4138\/revisions\/4774"}],"wp:attachment":[{"href":"https:\/\/weballiance.transport-manager.net\/adtem\/wp-json\/wp\/v2\/media?parent=4138"}],"curies":[{"name":"wp","href":"https:\/\/api.w.org\/{rel}","templated":true}]}}