{"id":61,"date":"2026-02-06T22:01:46","date_gmt":"2026-02-06T21:01:46","guid":{"rendered":"https:\/\/weballiance.transport-manager.net\/infralliance\/?page_id=61"},"modified":"2026-04-14T14:33:31","modified_gmt":"2026-04-14T12:33:31","slug":"nos-programmes","status":"publish","type":"page","link":"https:\/\/weballiance.transport-manager.net\/infralliance\/nos-programmes\/","title":{"rendered":"Nos programmes"},"content":{"rendered":"\n<h2 class=\"wp-block-heading\">Pour les joueurs de Niveau 2<\/h2>\n\n\n\n\n\n\n\n\n\n<h2 class=\"wp-block-heading\">Nos offres \u00e9cologiques <\/h2>\n\n\n\n<blockquote class=\"wp-block-quote is-layout-flow wp-block-quote-is-layout-flow\">\n\n\n<p><em>Ce programme est r\u00e9alis\u00e9 en partenariat avec l&rsquo;alliance ADTEM Grou<\/em>p<\/p>\n<\/blockquote>\n\n\n\n\n\n\n\n\n\n<h2 class=\"wp-block-heading\">Pour les joueurs de Niveau 4<\/h2>\n\n\n\n<blockquote class=\"wp-block-quote is-layout-flow wp-block-quote-is-layout-flow\">\n\n\n<p><em>*Dans la limite de 50 ou 25% du montant initial, en fonction de votre avanc\u00e9e dans celui-ci<\/em><\/p>\n\n\n\n<p><em>Ce programme vous engage \u00e0 rester dans l&rsquo;alliance pour la dur\u00e9e de l&rsquo;int\u00e9gralit\u00e9 de votre projet tram<\/em><\/p>\n<\/blockquote>\n\n\n\n\n\n\n\n\n\n<h2 class=\"wp-block-heading\">Pour les joueurs de Niveau 5 :<\/h2>\n\n\n\n<blockquote class=\"wp-block-quote is-layout-flow wp-block-quote-is-layout-flow\">\n\n\n\n\n\n\n<p><em>*Dans la limite de 50, ou 25% du montant initial en fonction de votre avanc\u00e9e dans votre projet tram<\/em><\/p>\n\n\n\n<p><em>Ce programme vous engage \u00e0 rester dans l&rsquo;alliance pour la dur\u00e9e de l&rsquo;int\u00e9gralit\u00e9 de votre projet tram<\/em><\/p>\n<\/blockquote>\n\n\n\n\n","protected":false},"excerpt":{"rendered":"<p>Pour les joueurs de Niveau 2 Nos offres \u00e9cologiques Pour les joueurs de Niveau 4 Pour les joueurs de Niveau 5 :<\/p>\n","protected":false},"author":25,"featured_media":0,"parent":0,"menu_order":0,"comment_status":"closed","ping_status":"closed","template":"","meta":{"saved_in_kubio":true,"footnotes":""},"class_list":["post-61","page","type-page","status-publish","hentry"],"kubio_ai_page_context":{"short_desc":"","purpose":"general"},"_links":{"self":[{"href":"https:\/\/weballiance.transport-manager.net\/infralliance\/wp-json\/wp\/v2\/pages\/61","targetHints":{"allow":["GET"]}}],"collection":[{"href":"https:\/\/weballiance.transport-manager.net\/infralliance\/wp-json\/wp\/v2\/pages"}],"about":[{"href":"https:\/\/weballiance.transport-manager.net\/infralliance\/wp-json\/wp\/v2\/types\/page"}],"author":[{"embeddable":true,"href":"https:\/\/weballiance.transport-manager.net\/infralliance\/wp-json\/wp\/v2\/users\/25"}],"replies":[{"embeddable":true,"href":"https:\/\/weballiance.transport-manager.net\/infralliance\/wp-json\/wp\/v2\/comments?post=61"}],"version-history":[{"count":29,"href":"https:\/\/weballiance.transport-manager.net\/infralliance\/wp-json\/wp\/v2\/pages\/61\/revisions"}],"predecessor-version":[{"id":411,"href":"https:\/\/weballiance.transport-manager.net\/infralliance\/wp-json\/wp\/v2\/pages\/61\/revisions\/411"}],"wp:attachment":[{"href":"https:\/\/weballiance.transport-manager.net\/infralliance\/wp-json\/wp\/v2\/media?parent=61"}],"curies":[{"name":"wp","href":"https:\/\/api.w.org\/{rel}","templated":true}]}}