{"id":28,"date":"2021-04-25T11:46:07","date_gmt":"2021-04-25T09:46:07","guid":{"rendered":"https:\/\/weballiance.transport-manager.net\/kegrolis\/?page_id=28"},"modified":"2026-03-29T09:11:25","modified_gmt":"2026-03-29T07:11:25","slug":"kegroentretien","status":"publish","type":"page","link":"https:\/\/weballiance.transport-manager.net\/kegrolis\/kegroentretien\/","title":{"rendered":"Kegro&rsquo;Soin"},"content":{"rendered":"<div class=\"wp-block-image is-resized\">\n<figure class=\"aligncenter size-large\"><img loading=\"lazy\" decoding=\"async\" width=\"1024\" height=\"204\" src=\"https:\/\/weballiance.transport-manager.net\/kegrolis\/wp-content\/uploads\/sites\/3\/2026\/03\/Kegrosoin-1-1024x204.png\" alt=\"\" class=\"wp-image-287\" srcset=\"https:\/\/weballiance.transport-manager.net\/kegrolis\/wp-content\/uploads\/sites\/3\/2026\/03\/Kegrosoin-1-1024x204.png 1024w, https:\/\/weballiance.transport-manager.net\/kegrolis\/wp-content\/uploads\/sites\/3\/2026\/03\/Kegrosoin-1-300x60.png 300w, https:\/\/weballiance.transport-manager.net\/kegrolis\/wp-content\/uploads\/sites\/3\/2026\/03\/Kegrosoin-1-768x153.png 768w, https:\/\/weballiance.transport-manager.net\/kegrolis\/wp-content\/uploads\/sites\/3\/2026\/03\/Kegrosoin-1-1536x307.png 1536w, https:\/\/weballiance.transport-manager.net\/kegrolis\/wp-content\/uploads\/sites\/3\/2026\/03\/Kegrosoin-1-2048x409.png 2048w\" sizes=\"auto, (max-width: 1024px) 100vw, 1024px\" \/><\/figure>\n<\/div>\n\n\n<p class=\"has-text-align-center has-text-color has-medium-font-size\" style=\"color:#b00000\">Gr\u00e2ce \u00e0 ce service vos pannes sont prises en charge (r\u00e9paration chez Kegrolis et\/ou remboursement)<br>Ce service est gratuit et concerne les bus de l&rsquo;alliance comme vos bus personnels. Des bus de remplacement pourront vous \u00eatre envoy\u00e9s gratuitement selon les disponibilit\u00e9s du parc de location.<\/p>\n\n\n\n<p class=\"has-text-align-center has-text-color has-link-color has-medium-font-size wp-elements-f1a9d90218c62256ebb83f29ff5e16ff\" style=\"color:#b00000\">Il propose aussi le nettoyage chaque mardi et chaque vendredi de vos v\u00e9hicules<\/p>\n\n\n\n<div class=\"wp-block-buttons is-horizontal is-content-justification-center is-layout-flex wp-container-core-buttons-is-layout-499968f5 wp-block-buttons-is-layout-flex\">\n<div class=\"wp-block-button has-custom-width wp-block-button__width-100\"><a class=\"wp-block-button__link has-text-color has-background has-medium-font-size has-custom-font-size wp-element-button\" href=\"https:\/\/forms.gle\/VdurhERTvqnhnPvWA\" style=\"border-radius:50px;color:#ffffff;background-color:#b00000\" target=\"_blank\" rel=\"noreferrer noopener\">FAITES VOS DEMANDES ICI<\/a><\/div>\n<\/div>\n\n\n\n<p><\/p>\n","protected":false},"excerpt":{"rendered":"<p>Gr\u00e2ce \u00e0 ce service vos pannes sont prises en charge (r\u00e9paration chez Kegrolis et\/ou remboursement)Ce service est gratuit et concerne les bus de l&rsquo;alliance comme vos bus personnels. Des bus de remplacement pourront vous \u00eatre envoy\u00e9s gratuitement selon les disponibilit\u00e9s du parc de location. Il propose aussi le nettoyage chaque mardi et chaque vendredi de&hellip;&nbsp;<a href=\"https:\/\/weballiance.transport-manager.net\/kegrolis\/kegroentretien\/\" rel=\"bookmark\">Lire la suite &raquo;<span class=\"screen-reader-text\">Kegro&rsquo;Soin<\/span><\/a><\/p>\n","protected":false},"author":4,"featured_media":0,"parent":0,"menu_order":0,"comment_status":"closed","ping_status":"closed","template":"","meta":{"neve_meta_sidebar":"left","neve_meta_container":"default","neve_meta_enable_content_width":"off","neve_meta_content_width":70,"neve_meta_title_alignment":"center","neve_meta_author_avatar":"","neve_post_elements_order":"","neve_meta_disable_header":"","neve_meta_disable_footer":"","neve_meta_disable_title":"","footnotes":""},"class_list":["post-28","page","type-page","status-publish","hentry"],"_links":{"self":[{"href":"https:\/\/weballiance.transport-manager.net\/kegrolis\/wp-json\/wp\/v2\/pages\/28","targetHints":{"allow":["GET"]}}],"collection":[{"href":"https:\/\/weballiance.transport-manager.net\/kegrolis\/wp-json\/wp\/v2\/pages"}],"about":[{"href":"https:\/\/weballiance.transport-manager.net\/kegrolis\/wp-json\/wp\/v2\/types\/page"}],"author":[{"embeddable":true,"href":"https:\/\/weballiance.transport-manager.net\/kegrolis\/wp-json\/wp\/v2\/users\/4"}],"replies":[{"embeddable":true,"href":"https:\/\/weballiance.transport-manager.net\/kegrolis\/wp-json\/wp\/v2\/comments?post=28"}],"version-history":[{"count":10,"href":"https:\/\/weballiance.transport-manager.net\/kegrolis\/wp-json\/wp\/v2\/pages\/28\/revisions"}],"predecessor-version":[{"id":310,"href":"https:\/\/weballiance.transport-manager.net\/kegrolis\/wp-json\/wp\/v2\/pages\/28\/revisions\/310"}],"wp:attachment":[{"href":"https:\/\/weballiance.transport-manager.net\/kegrolis\/wp-json\/wp\/v2\/media?parent=28"}],"curies":[{"name":"wp","href":"https:\/\/api.w.org\/{rel}","templated":true}]}}