{"id":29,"date":"2021-04-25T11:46:07","date_gmt":"2021-04-25T09:46:07","guid":{"rendered":"https:\/\/weballiance.transport-manager.net\/kegrolis\/?page_id=29"},"modified":"2026-03-28T17:51:47","modified_gmt":"2026-03-28T16:51:47","slug":"kegrocommandes","status":"publish","type":"page","link":"https:\/\/weballiance.transport-manager.net\/kegrolis\/kegrocommandes\/","title":{"rendered":"Kegro&rsquo;sse Commande"},"content":{"rendered":"<div class=\"wp-block-image\">\n<figure class=\"aligncenter size-large\"><img loading=\"lazy\" decoding=\"async\" width=\"1024\" height=\"133\" src=\"https:\/\/weballiance.transport-manager.net\/kegrolis\/wp-content\/uploads\/sites\/3\/2026\/03\/Kegrosse-commande-1024x133.png\" alt=\"\" class=\"wp-image-272\" srcset=\"https:\/\/weballiance.transport-manager.net\/kegrolis\/wp-content\/uploads\/sites\/3\/2026\/03\/Kegrosse-commande-1024x133.png 1024w, https:\/\/weballiance.transport-manager.net\/kegrolis\/wp-content\/uploads\/sites\/3\/2026\/03\/Kegrosse-commande-300x39.png 300w, https:\/\/weballiance.transport-manager.net\/kegrolis\/wp-content\/uploads\/sites\/3\/2026\/03\/Kegrosse-commande-768x100.png 768w, https:\/\/weballiance.transport-manager.net\/kegrolis\/wp-content\/uploads\/sites\/3\/2026\/03\/Kegrosse-commande-1536x199.png 1536w, https:\/\/weballiance.transport-manager.net\/kegrolis\/wp-content\/uploads\/sites\/3\/2026\/03\/Kegrosse-commande-2048x266.png 2048w\" sizes=\"auto, (max-width: 1024px) 100vw, 1024px\" \/><\/figure>\n<\/div>\n\n\n<p class=\"has-text-align-center has-text-color has-large-font-size\" style=\"color:#000000\"><strong>Comment fonctionnent les commandes group\u00e9es ?<\/strong><\/p>\n\n\n\n<p class=\"has-text-align-center has-text-color has-medium-font-size\" style=\"color:#b00000\">Un message d&rsquo;annonce de commande ou un sondage sur le type de bus \u00e0 commander sera post\u00e9 sur le forum dans la partie \u00ab\u00a0Espace membres\u00a0\u00bb. Ensuite, une fois le ou les mod\u00e8les de v\u00e9hicules et la motorisation choisis, une annonce est aussi faite pour savoir combien de v\u00e9hicules vous souhaitez commander. Le d\u00e9tail des options sera fait une fois le mod\u00e8le choisi aupr\u00e8s de nos partenaires.<br><br>L&rsquo;alliance fait un devis aupr\u00e8s d&rsquo;une concession partenaire. Les membres de l&rsquo;\u00e9quipe se chargent de transmettre les informations au concessionnaire (le nombre de bus que vous commandez \/ quand est-ce que vous les commandez \/ etc&#8230;).<\/p>\n\n\n\n<p class=\"has-text-align-center has-text-color has-medium-font-size\" style=\"color:#b00000\">Lorsque le ou les bus vous sont livr\u00e9s, vous n&rsquo;aurez pas la facture directement puisque c&rsquo;est l&rsquo;alliance qui fait le devis, et donc, qui re\u00e7oit la facture.<br>En revanche, l&rsquo;alliance vous fera une facture \u00e0 environ 80% du prix des bus que vous aurez re\u00e7u. Ce montant que vous payez est fix\u00e9 par l&rsquo;alliance \u00e0 la cr\u00e9ation du devis, et selon les fonds de l&rsquo;alliance. Il sera indiqu\u00e9 dans le sujet des commandes afin que vous puissiez \u00e0 l&rsquo;avance connaitre le prix final.<br>Vous avez 1 mois pour payer la facture. Au-del\u00e0, la facture sera major\u00e9e \u00e0 hauteur de 10 % de la facture initiale.<\/p>\n\n\n\n<p><\/p>\n","protected":false},"excerpt":{"rendered":"<p>Comment fonctionnent les commandes group\u00e9es ? Un message d&rsquo;annonce de commande ou un sondage sur le type de bus \u00e0 commander sera post\u00e9 sur le forum dans la partie \u00ab\u00a0Espace membres\u00a0\u00bb. Ensuite, une fois le ou les mod\u00e8les de v\u00e9hicules et la motorisation choisis, une annonce est aussi faite pour savoir combien de v\u00e9hicules vous&hellip;&nbsp;<a href=\"https:\/\/weballiance.transport-manager.net\/kegrolis\/kegrocommandes\/\" rel=\"bookmark\">Lire la suite &raquo;<span class=\"screen-reader-text\">Kegro&rsquo;sse Commande<\/span><\/a><\/p>\n","protected":false},"author":4,"featured_media":0,"parent":0,"menu_order":0,"comment_status":"closed","ping_status":"closed","template":"","meta":{"neve_meta_sidebar":"left","neve_meta_container":"full-width","neve_meta_enable_content_width":"","neve_meta_content_width":0,"neve_meta_title_alignment":"center","neve_meta_author_avatar":"","neve_post_elements_order":"","neve_meta_disable_header":"","neve_meta_disable_footer":"","neve_meta_disable_title":"","footnotes":""},"class_list":["post-29","page","type-page","status-publish","hentry"],"_links":{"self":[{"href":"https:\/\/weballiance.transport-manager.net\/kegrolis\/wp-json\/wp\/v2\/pages\/29","targetHints":{"allow":["GET"]}}],"collection":[{"href":"https:\/\/weballiance.transport-manager.net\/kegrolis\/wp-json\/wp\/v2\/pages"}],"about":[{"href":"https:\/\/weballiance.transport-manager.net\/kegrolis\/wp-json\/wp\/v2\/types\/page"}],"author":[{"embeddable":true,"href":"https:\/\/weballiance.transport-manager.net\/kegrolis\/wp-json\/wp\/v2\/users\/4"}],"replies":[{"embeddable":true,"href":"https:\/\/weballiance.transport-manager.net\/kegrolis\/wp-json\/wp\/v2\/comments?post=29"}],"version-history":[{"count":14,"href":"https:\/\/weballiance.transport-manager.net\/kegrolis\/wp-json\/wp\/v2\/pages\/29\/revisions"}],"predecessor-version":[{"id":301,"href":"https:\/\/weballiance.transport-manager.net\/kegrolis\/wp-json\/wp\/v2\/pages\/29\/revisions\/301"}],"wp:attachment":[{"href":"https:\/\/weballiance.transport-manager.net\/kegrolis\/wp-json\/wp\/v2\/media?parent=29"}],"curies":[{"name":"wp","href":"https:\/\/api.w.org\/{rel}","templated":true}]}}