{"id":72,"date":"2021-04-25T13:25:23","date_gmt":"2021-04-25T11:25:23","guid":{"rendered":"https:\/\/weballiance.transport-manager.net\/kegrolis\/?page_id=72"},"modified":"2026-03-29T08:03:05","modified_gmt":"2026-03-29T06:03:05","slug":"kegrorenforts","status":"publish","type":"page","link":"https:\/\/weballiance.transport-manager.net\/kegrolis\/kegrorenforts\/","title":{"rendered":"Kegro&rsquo;T\u00e9rim"},"content":{"rendered":"<div class=\"wp-block-image\">\n<figure class=\"aligncenter size-large\"><img loading=\"lazy\" decoding=\"async\" width=\"1024\" height=\"179\" src=\"https:\/\/weballiance.transport-manager.net\/kegrolis\/wp-content\/uploads\/sites\/3\/2026\/03\/Kegrocations-Copie-1024x179.png\" alt=\"\" class=\"wp-image-290\" srcset=\"https:\/\/weballiance.transport-manager.net\/kegrolis\/wp-content\/uploads\/sites\/3\/2026\/03\/Kegrocations-Copie-1024x179.png 1024w, https:\/\/weballiance.transport-manager.net\/kegrolis\/wp-content\/uploads\/sites\/3\/2026\/03\/Kegrocations-Copie-300x52.png 300w, https:\/\/weballiance.transport-manager.net\/kegrolis\/wp-content\/uploads\/sites\/3\/2026\/03\/Kegrocations-Copie-768x134.png 768w, https:\/\/weballiance.transport-manager.net\/kegrolis\/wp-content\/uploads\/sites\/3\/2026\/03\/Kegrocations-Copie-1536x268.png 1536w, https:\/\/weballiance.transport-manager.net\/kegrolis\/wp-content\/uploads\/sites\/3\/2026\/03\/Kegrocations-Copie-2048x358.png 2048w\" sizes=\"auto, (max-width: 1024px) 100vw, 1024px\" \/><\/figure>\n<\/div>\n\n\n<p class=\"has-text-align-center has-text-color has-medium-font-size\" style=\"color:#b00000\">Si vous avez besoin de conducteurs ou de m\u00e9caniciens, vous pourrez en demander via le lien en bas de page qui vous redirige sur le panel alliance du jeu<br>La tarification est de 20 \u20ac par semaine par conducteur.<br>Toutefois, la dur\u00e9e fix\u00e9e par l&rsquo;alliance de la mise \u00e0 disposition est de 26 semaines soit 6 mois.<\/p>\n\n\n\n<div class=\"wp-block-buttons is-horizontal is-content-justification-center is-layout-flex wp-container-core-buttons-is-layout-499968f5 wp-block-buttons-is-layout-flex\">\n<div class=\"wp-block-button has-custom-width wp-block-button__width-100\"><a class=\"wp-block-button__link has-text-color has-background has-medium-font-size has-custom-font-size wp-element-button\" href=\"https:\/\/transport-manager.net\/alliance\/employees_members.php\" style=\"border-radius:50px;color:#ffffff;background-color:#b00000\" target=\"_blank\" rel=\"noreferrer noopener\">FAITES VOS DEMANDES ICI<\/a><\/div>\n<\/div>\n\n\n\n<p><\/p>\n","protected":false},"excerpt":{"rendered":"<p>Si vous avez besoin de conducteurs ou de m\u00e9caniciens, vous pourrez en demander via le lien en bas de page qui vous redirige sur le panel alliance du jeuLa tarification est de 20 \u20ac par semaine par conducteur.Toutefois, la dur\u00e9e fix\u00e9e par l&rsquo;alliance de la mise \u00e0 disposition est de 26 semaines soit 6 mois.<\/p>\n","protected":false},"author":4,"featured_media":0,"parent":0,"menu_order":0,"comment_status":"closed","ping_status":"closed","template":"","meta":{"neve_meta_sidebar":"","neve_meta_container":"","neve_meta_enable_content_width":"","neve_meta_content_width":0,"neve_meta_title_alignment":"center","neve_meta_author_avatar":"","neve_post_elements_order":"","neve_meta_disable_header":"","neve_meta_disable_footer":"","neve_meta_disable_title":"","footnotes":""},"class_list":["post-72","page","type-page","status-publish","hentry"],"_links":{"self":[{"href":"https:\/\/weballiance.transport-manager.net\/kegrolis\/wp-json\/wp\/v2\/pages\/72","targetHints":{"allow":["GET"]}}],"collection":[{"href":"https:\/\/weballiance.transport-manager.net\/kegrolis\/wp-json\/wp\/v2\/pages"}],"about":[{"href":"https:\/\/weballiance.transport-manager.net\/kegrolis\/wp-json\/wp\/v2\/types\/page"}],"author":[{"embeddable":true,"href":"https:\/\/weballiance.transport-manager.net\/kegrolis\/wp-json\/wp\/v2\/users\/4"}],"replies":[{"embeddable":true,"href":"https:\/\/weballiance.transport-manager.net\/kegrolis\/wp-json\/wp\/v2\/comments?post=72"}],"version-history":[{"count":6,"href":"https:\/\/weballiance.transport-manager.net\/kegrolis\/wp-json\/wp\/v2\/pages\/72\/revisions"}],"predecessor-version":[{"id":308,"href":"https:\/\/weballiance.transport-manager.net\/kegrolis\/wp-json\/wp\/v2\/pages\/72\/revisions\/308"}],"wp:attachment":[{"href":"https:\/\/weballiance.transport-manager.net\/kegrolis\/wp-json\/wp\/v2\/media?parent=72"}],"curies":[{"name":"wp","href":"https:\/\/api.w.org\/{rel}","templated":true}]}}