{"id":94,"date":"2021-04-25T14:13:01","date_gmt":"2021-04-25T12:13:01","guid":{"rendered":"https:\/\/weballiance.transport-manager.net\/kegrolis\/?page_id=94"},"modified":"2026-03-30T19:19:02","modified_gmt":"2026-03-30T17:19:02","slug":"bienvenue-chez-kegrolis","status":"publish","type":"page","link":"https:\/\/weballiance.transport-manager.net\/kegrolis\/","title":{"rendered":"Bienvenue chez Kegrolis"},"content":{"rendered":"\n<p class=\"has-text-align-center has-text-color has-large-font-size\" style=\"color:#000000\"><strong>Notre Histoire<\/strong><\/p>\n\n\n\n<p class=\"has-text-align-center has-text-color has-medium-font-size\" style=\"color:#b00000\">Kegrolis a \u00e9t\u00e9 cr\u00e9\u00e9 le 18 Mars 1894 au Groland par des amis qui voulaient cr\u00e9er leur entreprise de transport de marchandises. Kegrolis prend de l&rsquo;ampleur et devient la premi\u00e8re entreprise de transport de marchandises en 1912 car elle n&rsquo;avait pas de concurrents. En 1920, Kegrolis devient op\u00e9rateur de r\u00e9seaux de transports et est choisi pour g\u00e9rer le premier m\u00e9tro Grolandais, celui de Groville. A fur et \u00e0 mesure que les r\u00e9seaux de transports en communs Grolandais se d\u00e9veloppaient, Kegrolis d\u00e9laissait son activit\u00e9 originelle, la laissant \u00e0 une entreprise rachet\u00e9e en 1919 Marchandulard fr\u00e8res, rebaptis\u00e9e Kegrolis marchandises. Kegrolis devient le seul op\u00e9rateur de r\u00e9seaux de transports Grolandais. Kegrolis est nationalis\u00e9e en 1935. Depuis cette date de nombreux concurrents ont essay\u00e9 d&rsquo;\u00e9merger mais ont \u00e9chou\u00e9 (nous pensons \u00e0 O&rsquo;transpoint Amis ou Pignonflard Fr\u00e8res qui ont fait faillite). En 1963, le gouvernement Grolandais a d\u00e9cid\u00e9 que Kegrolis serait le seul op\u00e9rateur de transport au Groland. C&rsquo;est tout naturellement que Kegrolis a cr\u00e9\u00e9 des filiales en France. Le 1er Janvier 1983, Kegrolis a commenc\u00e9 \u00e0 g\u00e9rer son premier r\u00e9seau Fran\u00e7ais et au fil du temps, Kegrolis s&rsquo;est implant\u00e9 et se d\u00e9veloppe un peu partout en France. <br>Kegrolis est int\u00e9gr\u00e9 au jeu Transport Manager le 8 Novembre 2020.<\/p>\n\n\n\n<p class=\"has-text-align-center has-text-color has-medium-font-size\" style=\"color:#b00000\">Cette alliance est dirig\u00e9e par le premier ministre Grolandais Pag\u00e9rard Philippe qui est plus connu sur internet sous son deuxi\u00e8me pr\u00e9nom Jean-S\u00e9bastrick. Il n\u2019est pas seul car il a dirig\u00e9 cette entreprise avec OuiOuiOfficiel en tant que son vice-pr\u00e9sident jusqu&rsquo;en 2023, puis remplac\u00e9 par Tubcitelis12 depuis.<\/p>\n\n\n\n<p class=\"has-text-align-center has-text-color has-large-font-size\" style=\"color:#000000\"><strong>Notre philosophie<\/strong><\/p>\n\n\n\n<p class=\"has-text-align-center has-text-color has-medium-font-size\" style=\"color:#b00000\">Nous avons un principe simple : nous ne nous prenons pas la t\u00eate ! Nos services sont simples \u00e0 appr\u00e9hender et facile d&rsquo;acc\u00e8s.<\/p>\n\n\n\n<p class=\"has-text-align-center has-text-color has-medium-font-size\" style=\"color:#b00000\">Nos tarifs ? Pas prise de t\u00eate, ils ne sont pas chers, l&rsquo;objectif de l&rsquo;alliance \u00e9tant d&rsquo;\u00eatre accessible au plus grand nombre<\/p>\n\n\n\n<p class=\"has-text-align-center has-text-color has-large-font-size\" style=\"color:#000000\"><strong>Nos r\u00e8gles<\/strong><\/p>\n\n\n\n<p class=\"has-text-align-center has-text-color has-medium-font-size\" style=\"color:#b00000\">Nous ne sommes pas difficiles, pour pouvoir int\u00e9grer l&rsquo;alliance, ayez une entreprise stable et prosp\u00e8re.<br><strong>Nous n&rsquo;acceptons aucun joueur ayant une situation bancaire dans le n\u00e9gatif.<\/strong>&nbsp;Dans ce cas, retentez la demande plus tard.<br><br>Quand vous faites une demande, soyez poli, c&rsquo;est la base de toute communication ! Aussi, si vous effectuez une demande sans forme de politesse, nous nous permettrons de ne pas vous r\u00e9pondre.<br>Lorsque vous recevez une facture de livraison de v\u00e9hicules de location, payez la avant la fin de la location. Si ce n&rsquo;est pas le cas nous nous r\u00e9servons le droit de pr\u00e9lever des p\u00e9nalit\u00e9s de retard allant jusqu&rsquo;\u00e0 10% du montant initial de la facture.<\/p>\n\n\n\n<p class=\"has-text-align-center has-text-color has-large-font-size\" style=\"color:#000000\"><strong>Nos tarifs<\/strong><\/p>\n\n\n\n<p class=\"has-text-align-center has-text-color has-medium-font-size\" style=\"color:#b00000\">Cotisation d&rsquo;entr\u00e9e : <strong>0 \u20ac<\/strong><br>Pr\u00e9l\u00e8vement sur le chiffre d&rsquo;affaires : <strong>2%<\/strong><\/p>\n\n\n\n<p class=\"has-text-align-center has-text-color has-large-font-size\" style=\"color:#000000\"><strong>Nos services<\/strong><\/p>\n\n\n\n<p class=\"has-text-align-center has-text-color has-medium-font-size\" style=\"color:#b60000\">Besoin de louer des v\u00e9hicules ? Il y a <a href=\"https:\/\/weballiance.transport-manager.net\/kegrolis\/kegroloc\/\" data-type=\"URL\" data-id=\"https:\/\/weballiance.transport-manager.net\/kegrolis\/kegroloc\/\"><strong>Kegro&rsquo;Cation<\/strong><\/a><br>Nous assurons l&rsquo;entretien de vos v\u00e9hicules via le programme <a href=\"https:\/\/weballiance.transport-manager.net\/kegrolis\/kegroentretien\/\"><strong>Kegro&rsquo;Soin<\/strong><\/a><br>Besoin de conducteurs ? Il y a <a href=\"https:\/\/weballiance.transport-manager.net\/kegrolis\/kegrorenforts\/\"><strong>Kegro&rsquo;T\u00e9rim<\/strong><\/a><br>Besoin d&rsquo;informations sur les commandes group\u00e9es ? Il y a <a href=\"https:\/\/weballiance.transport-manager.net\/kegrolis\/kegrocommandes\/\"><strong>Kegro&rsquo;sse Commande<\/strong><\/a><br>Besoin d&rsquo;informations sur l&rsquo;alliance ? Il y a <a href=\"https:\/\/weballiance.transport-manager.net\/kegrolis\/kegrotalk\/\"><strong>Kegro&rsquo;Talk<\/strong><\/a><\/p>\n\n\n\n<p class=\"has-text-align-center has-text-color has-large-font-size\" style=\"color:#000000\"><strong>Notre \u00e9quipe<\/strong><\/p>\n\n\n\n<p class=\"has-text-align-center has-text-color has-medium-font-size\" style=\"color:#b00000\"><strong>Pr\u00e9sident : <a href=\"https:\/\/transport-manager.net\/jeu\/company.php?id=716\">Jean-Sebastrick<\/a><br>Vice-Pr\u00e9sident : <a href=\"https:\/\/transport-manager.net\/jeu\/company.php?id=1701\">Tubcitelis12<\/a><\/strong><\/p>\n\n\n\n<h1 class=\"wp-block-heading has-text-align-center has-text-color has-large-font-size\" style=\"color:#000000\"><strong>Nous rejoindre<\/strong><\/h1>\n\n\n\n<div class=\"wp-block-buttons alignfull is-horizontal is-content-justification-center is-layout-flex wp-container-core-buttons-is-layout-937ffba9 wp-block-buttons-is-layout-flex\">\n<div class=\"wp-block-button has-custom-width wp-block-button__width-25\"><a class=\"wp-block-button__link has-text-color has-background has-medium-font-size has-custom-font-size wp-element-button\" href=\"https:\/\/transport-manager.net\/jeu\/alliance.php?id=8\" style=\"border-radius:50px;color:#ffffff;background-color:#b00000\" target=\"_blank\" rel=\"noreferrer noopener\">SUR LE JEU<\/a><\/div>\n\n\n\n<div class=\"wp-block-button has-custom-width wp-block-button__width-25\"><a class=\"wp-block-button__link has-text-color has-background has-medium-font-size has-custom-font-size wp-element-button\" href=\"https:\/\/discord.gg\/dYW2gYvAtw\" style=\"border-radius:50px;color:#ffffff;background-color:#b00000\" target=\"_blank\" rel=\"noreferrer noopener\">SUR LE DISCORD<\/a><\/div>\n\n\n\n<div class=\"wp-block-button has-custom-width wp-block-button__width-25\"><a class=\"wp-block-button__link has-text-color has-background has-link-color has-medium-font-size has-custom-font-size wp-element-button\" href=\"https:\/\/www.instagram.com\/groupe_kegrolis\/\" style=\"border-radius:50px;color:#ffffff;background-color:#b00000\" target=\"_blank\" rel=\"noreferrer noopener\">SUR INSTAGRAM<\/a><\/div>\n<\/div>\n\n\n\n<p><\/p>\n","protected":false},"excerpt":{"rendered":"<p>Notre Histoire Kegrolis a \u00e9t\u00e9 cr\u00e9\u00e9 le 18 Mars 1894 au Groland par des amis qui voulaient cr\u00e9er leur entreprise de transport de marchandises. Kegrolis prend de l&rsquo;ampleur et devient la premi\u00e8re entreprise de transport de marchandises en 1912 car elle n&rsquo;avait pas de concurrents. En 1920, Kegrolis devient op\u00e9rateur de r\u00e9seaux de transports et&hellip;&nbsp;<a href=\"https:\/\/weballiance.transport-manager.net\/kegrolis\/\" rel=\"bookmark\">Lire la suite &raquo;<span class=\"screen-reader-text\">Bienvenue chez Kegrolis<\/span><\/a><\/p>\n","protected":false},"author":4,"featured_media":0,"parent":0,"menu_order":0,"comment_status":"closed","ping_status":"closed","template":"","meta":{"neve_meta_sidebar":"","neve_meta_container":"","neve_meta_enable_content_width":"off","neve_meta_content_width":70,"neve_meta_title_alignment":"center","neve_meta_author_avatar":"","neve_post_elements_order":"","neve_meta_disable_header":"","neve_meta_disable_footer":"","neve_meta_disable_title":"","footnotes":""},"class_list":["post-94","page","type-page","status-publish","hentry"],"_links":{"self":[{"href":"https:\/\/weballiance.transport-manager.net\/kegrolis\/wp-json\/wp\/v2\/pages\/94","targetHints":{"allow":["GET"]}}],"collection":[{"href":"https:\/\/weballiance.transport-manager.net\/kegrolis\/wp-json\/wp\/v2\/pages"}],"about":[{"href":"https:\/\/weballiance.transport-manager.net\/kegrolis\/wp-json\/wp\/v2\/types\/page"}],"author":[{"embeddable":true,"href":"https:\/\/weballiance.transport-manager.net\/kegrolis\/wp-json\/wp\/v2\/users\/4"}],"replies":[{"embeddable":true,"href":"https:\/\/weballiance.transport-manager.net\/kegrolis\/wp-json\/wp\/v2\/comments?post=94"}],"version-history":[{"count":24,"href":"https:\/\/weballiance.transport-manager.net\/kegrolis\/wp-json\/wp\/v2\/pages\/94\/revisions"}],"predecessor-version":[{"id":312,"href":"https:\/\/weballiance.transport-manager.net\/kegrolis\/wp-json\/wp\/v2\/pages\/94\/revisions\/312"}],"wp:attachment":[{"href":"https:\/\/weballiance.transport-manager.net\/kegrolis\/wp-json\/wp\/v2\/media?parent=94"}],"curies":[{"name":"wp","href":"https:\/\/api.w.org\/{rel}","templated":true}]}}