{"id":147,"date":"2021-12-07T22:06:27","date_gmt":"2021-12-07T21:06:27","guid":{"rendered":"https:\/\/weballiance.transport-manager.net\/lutecegroup\/?page_id=147"},"modified":"2026-04-25T18:20:21","modified_gmt":"2026-04-25T16:20:21","slug":"pole-exploitation","status":"publish","type":"page","link":"https:\/\/weballiance.transport-manager.net\/lutecegroup\/pole-exploitation\/","title":{"rendered":"P\u00f4le Exploitation"},"content":{"rendered":"\n<p class=\"has-text-align-center has-white-color has-text-color has-background\" style=\"background-color:#00094f;text-transform:uppercase\"><strong>adh\u00e9sion aux formules <\/strong><\/p>\n\n\n\n<p class=\"has-text-align-center\"><strong>Pour que nous puissions comprendre et s&rsquo;adapter \u00e0 vos besoins, nous vous proposons 2 forfaits pour l&rsquo;Alliance.<\/strong><\/p>\n\n\n\n<div class=\"wp-block-columns is-layout-flex wp-container-core-columns-is-layout-28f84493 wp-block-columns-is-layout-flex\">\n<div class=\"wp-block-column is-layout-flow wp-block-column-is-layout-flow\">\n<figure class=\"wp-block-image size-large\"><img decoding=\"async\" src=\"https:\/\/weballiance.transport-manager.net\/lutecegroup\/wp-content\/uploads\/sites\/6\/2026\/04\/Forfait-Standard-31_03_2026-724x1024.png\" alt=\"\" class=\"wp-image-1064\" \/><\/figure>\n<\/div>\n\n\n\n<div class=\"wp-block-column is-layout-flow wp-block-column-is-layout-flow\">\n<figure class=\"wp-block-image size-large\"><img decoding=\"async\" src=\"https:\/\/weballiance.transport-manager.net\/lutecegroup\/wp-content\/uploads\/sites\/6\/2026\/04\/Forfait-Ultimate-31_03_2026-724x1024.png\" alt=\"\" class=\"wp-image-1065\" \/><\/figure>\n<\/div>\n<\/div>\n\n\n\n<div class=\"wp-block-group\"><div class=\"wp-block-group__inner-container is-layout-flow wp-block-group-is-layout-flow\">\n<div class=\"wp-block-group\"><div class=\"wp-block-group__inner-container is-layout-flow wp-block-group-is-layout-flow\">\n<p class=\"has-text-align-center has-white-color has-text-color has-background\" style=\"background-color:#00094f;text-transform:uppercase\"><strong>Demande de disposition d&rsquo;int\u00e9rimaires<\/strong><\/p>\n\n\n\n<p class=\"has-text-align-center\"><strong>Vous avez besoin de conducteurs suppl\u00e9mentaires pour vos lignes ou bien de m\u00e9caniciens pour des poses d&rsquo;options dans vos ateliers&nbsp;? Si oui, les int\u00e9rimaires Lut\u00e8ce Group sont faits pour vous !<\/strong><\/p>\n\n\n\n<div class=\"wp-block-columns is-layout-flex wp-container-core-columns-is-layout-28f84493 wp-block-columns-is-layout-flex\">\n<div class=\"wp-block-column is-layout-flow wp-block-column-is-layout-flow\">\n<p class=\"has-text-align-center\"><strong>-&gt;&nbsp;P\u00f4le Maintenance<\/strong><\/p>\n\n\n\n<p>L&rsquo;alliance peut vous pr\u00eater du&nbsp;<strong>personnel de maintenance<\/strong> pour vos ateliers<\/p>\n\n\n\n<p class=\"has-text-align-center\">Tarifs :<\/p>\n\n\n\n<ul class=\"wp-block-list\">\n<li><strong>Client&nbsp;<\/strong><mark style=\"background-color:#ffffff;color:#00094f\" class=\"has-inline-color\"><strong>Standard <\/strong><\/mark>:&nbsp;<strong>150\u20ac\/j par&nbsp;m\u00e9canicien(s)<\/strong><\/li>\n\n\n\n<li><strong>Client&nbsp;<mark style=\"background-color:#ffffff;color:#9c7e43\" class=\"has-inline-color\">Ultimate <\/mark><\/strong>:&nbsp;<strong>75\u20ac\/j par m\u00e9canicien(s)<\/strong> (<strong>Client prioritaire = garantie de prise en charge dans les 72h<\/strong>)<\/li>\n<\/ul>\n<\/div>\n\n\n\n<div class=\"wp-block-column is-layout-flow wp-block-column-is-layout-flow\">\n<p class=\"has-text-align-center\"><strong>-&gt;&nbsp;P\u00f4le&nbsp;Conduite&nbsp;<\/strong><\/p>\n\n\n\n<p>L&rsquo;alliance peut vous pr\u00eater du personnel de conduite pour exploiter votre r\u00e9seau au mieux<\/p>\n\n\n\n<p class=\"has-text-align-center\">Tarifs :<\/p>\n\n\n\n<ul class=\"wp-block-list\">\n<li><strong>Client&nbsp;<mark style=\"background-color:#ffffff;color:#00094f\" class=\"has-inline-color\">Standard <\/mark><\/strong>:&nbsp;<strong>150\u20ac\/jours &#8211; 800\u20ac\/semaine<\/strong><\/li>\n\n\n\n<li><strong>Client <mark style=\"background-color:#ffffff;color:#9c7e43\" class=\"has-inline-color\">Ultimate <\/mark><\/strong>:&nbsp;<strong>Gratuit. &#8211; Gratuit\u00e9 limit\u00e9e \u00e0 30 conducteurs, sinon prix = 75\u20ac\/jours &#8211; 500\u20ac\/semaine<\/strong><\/li>\n<\/ul>\n<\/div>\n<\/div>\n\n\n\n<div class=\"wp-block-group\"><div class=\"wp-block-group__inner-container is-layout-flow wp-block-group-is-layout-flow\">\n<p class=\"has-text-align-center has-white-color has-text-color has-background\" style=\"background-color:#00094f;text-transform:uppercase\"><strong><strong>Mise \u00e0 disposition des ateliers pour LES MEMBRES<\/strong><\/strong><\/p>\n\n\n\n<p><strong>Vous n&rsquo;avez plus de place dans vos ateliers pour la panne qui viens de vous arriver. Les ateliers de l&rsquo;alliance sont l\u00e0 pour vous.<\/strong><\/p>\n\n\n\n<p>R\u00e8glement de la mise \u00e0 disposition des ateliers : <br>&#8211; Forfait Standard : le prix de la panne immobilisant un v\u00e9hicule joueur dans les ateliers de l\u2019alliance sera pr\u00e9lev\u00e9e sur le solde bancaire du joueur<br>&#8211; Forfait Ultimate : prise en charge du prix de la panne jusqu&rsquo;\u00e0 15k\u20ac par mois, au del\u00e0 comme pour le forfait standard le prix de la panne immobilisant un v\u00e9hicule joueur dans les ateliers de l\u2019alliance sera pr\u00e9lev\u00e9e sur le solde bancaire du joueur<br>Vous avez \u00e9galement la possibilit\u00e9 de faire passer vos v\u00e9hicules en pose d&rsquo;option dans les ateliers de l&rsquo;alliance. Le prix des options vous sera factur\u00e9 avec une r\u00e9duction de 10% sur le total.<br>&#8211; Si vous souhaitez un v\u00e9hicule de remplacement remplissez le formulaire ci-dessous (Rappel : Forfait Standard : V\u00e9hicule de Remplacement si panne &gt;7 jours ; pas de restriction Forfait Ultimate)<\/p>\n<\/div><\/div>\n<\/div><\/div>\n\n\n\n<p class=\"has-text-align-center has-white-color has-text-color has-background\" style=\"background-color:#00094f;text-transform:uppercase\"><strong>Formulaire<\/strong><\/p>\n\n\n\n<div class=\"wp-block-buttons is-horizontal is-content-justification-center is-layout-flex wp-container-core-buttons-is-layout-03627597 wp-block-buttons-is-layout-flex\">\n<div class=\"wp-block-button is-style-outline is-style-outline--1\"><a class=\"wp-block-button__link has-text-color wp-element-button\" href=\"https:\/\/transport-manager.net\/jeu\/sendalliance.php?p=poleexpetfinance.lg\" style=\"color:#16234c\" target=\"_blank\" rel=\"noreferrer noopener\">Cliquez ici<\/a><\/div>\n<\/div>\n<\/div><\/div>\n\n\n\n<p><\/p>\n","protected":false},"excerpt":{"rendered":"<p>adh\u00e9sion aux formules Pour que nous puissions comprendre et s&rsquo;adapter \u00e0 vos besoins, nous vous proposons 2 forfaits pour l&rsquo;Alliance. Demande de disposition d&rsquo;int\u00e9rimaires Vous avez besoin de conducteurs suppl\u00e9mentaires pour vos lignes ou bien de m\u00e9caniciens pour des poses d&rsquo;options dans vos ateliers&nbsp;? Si oui, les int\u00e9rimaires Lut\u00e8ce Group sont faits pour vous ! [&hellip;]<\/p>\n","protected":false},"author":9,"featured_media":0,"parent":0,"menu_order":0,"comment_status":"closed","ping_status":"closed","template":"","meta":{"saved_in_kubio":true,"footnotes":""},"class_list":["post-147","page","type-page","status-publish","hentry"],"kubio_ai_page_context":{"short_desc":"","purpose":"general"},"_links":{"self":[{"href":"https:\/\/weballiance.transport-manager.net\/lutecegroup\/wp-json\/wp\/v2\/pages\/147","targetHints":{"allow":["GET"]}}],"collection":[{"href":"https:\/\/weballiance.transport-manager.net\/lutecegroup\/wp-json\/wp\/v2\/pages"}],"about":[{"href":"https:\/\/weballiance.transport-manager.net\/lutecegroup\/wp-json\/wp\/v2\/types\/page"}],"author":[{"embeddable":true,"href":"https:\/\/weballiance.transport-manager.net\/lutecegroup\/wp-json\/wp\/v2\/users\/9"}],"replies":[{"embeddable":true,"href":"https:\/\/weballiance.transport-manager.net\/lutecegroup\/wp-json\/wp\/v2\/comments?post=147"}],"version-history":[{"count":34,"href":"https:\/\/weballiance.transport-manager.net\/lutecegroup\/wp-json\/wp\/v2\/pages\/147\/revisions"}],"predecessor-version":[{"id":1082,"href":"https:\/\/weballiance.transport-manager.net\/lutecegroup\/wp-json\/wp\/v2\/pages\/147\/revisions\/1082"}],"wp:attachment":[{"href":"https:\/\/weballiance.transport-manager.net\/lutecegroup\/wp-json\/wp\/v2\/media?parent=147"}],"curies":[{"name":"wp","href":"https:\/\/api.w.org\/{rel}","templated":true}]}}