{"id":543,"date":"2022-08-28T09:00:00","date_gmt":"2022-08-28T07:00:00","guid":{"rendered":"https:\/\/weballiance.transport-manager.net\/lutecegroup\/?page_id=543"},"modified":"2026-04-25T18:19:20","modified_gmt":"2026-04-25T16:19:20","slug":"pole-financement","status":"publish","type":"page","link":"https:\/\/weballiance.transport-manager.net\/lutecegroup\/pole-financement\/","title":{"rendered":"P\u00f4le Financement"},"content":{"rendered":"\n<p class=\"has-text-align-center has-white-color has-text-color has-background\" style=\"background-color:#00094f;text-transform:uppercase\"><strong>Liste des FINANCEMENTS Propos\u00c9s<\/strong><\/p>\n\n\n\n<div class=\"wp-block-group\"><div class=\"wp-block-group__inner-container is-layout-constrained wp-block-group-is-layout-constrained\">\n<p>&#8211; Financement des <strong>CT<\/strong><br>&#8211; Financement des <strong>R\u00e9visions<\/strong><br>&#8211; Financement des <strong>FCO<\/strong><br>&#8211; Financement du <strong>programme GOLD Evobus<\/strong> et <strong>VDI Star<\/strong> (75% pour les membres standard et 100% pour les membres ultimate)<br>&#8211; Financement des <strong>R\u00e9novations Int\u00e9rieures<\/strong><br>&#8211; Financement des <strong>R\u00e9novations Technique<\/strong><\/p>\n<\/div><\/div>\n\n\n\n<p class=\"has-text-align-center has-white-color has-text-color has-background\" style=\"background-color:#00094f;text-transform:uppercase\"><strong>AVANTAGES PROGRAMME GOLD EVOBUS et vdi star<\/strong><\/p>\n\n\n\n<div class=\"wp-block-group\"><div class=\"wp-block-group__inner-container is-layout-constrained wp-block-group-is-layout-constrained\">\n<figure class=\"wp-block-image size-large\"><img decoding=\"async\" src=\"https:\/\/concess.transport-manager.net\/evobus\/wp-content\/uploads\/sites\/2\/2020\/10\/fidelite_GOLD-1024x881.png\" alt=\"\" \/><\/figure>\n\n\n<\/div><\/div>\n\n\n\n<p class=\"has-text-align-center has-white-color has-text-color has-background\" style=\"background-color:#00094f;text-transform:uppercase\"><strong>TABLEAU DES PRISES EN CHARGE DES R\u00c9NOVATIONS Technique<\/strong><\/p>\n\n\n\n<figure class=\"wp-block-table\"><table class=\"has-fixed-layout\"><thead><tr><th>R\u00e9novations prise en charge<\/th><th>Forfait Standard<\/th><th>Forfait Ultimate<\/th><\/tr><\/thead><tbody><tr><td><strong>R\u00e9novation l\u00e9g\u00e8re (+10%) 15k<\/strong><\/td><td>\u2705<br>Tous les 2 mois<\/td><td>\u2705<br>Tout les mois<\/td><\/tr><tr><td><strong>R\u00e9novation importante (+20%) 28k<\/strong><\/td><td>\u2705<br>Tous les 3 mois<\/td><td>\u2705<br>Tous les mois<\/td><\/tr><tr><td><strong>R\u00e9novation majeure (+30%) 40k<\/strong><\/td><td>\u274c<\/td><td>\u2705<br>Tous les mois<\/td><\/tr><\/tbody><\/table><\/figure>\n\n\n\n<p class=\"has-text-align-center has-white-color has-text-color has-background\" style=\"background-color:#00094f;text-transform:uppercase\"><strong>R\u00c8GLEMENT DES FINANCEMENTS <\/strong><\/p>\n\n\n\n<ul class=\"wp-block-list\">\n<li>Faire une demande tous les <strong>15<\/strong> jours (Fiancements CT, R\u00e9visions et FCO, sans limite pour les forfaits Ultimate et limit\u00e9 \u00e0 15 v\u00e9hicules ou 10 personnels pour les membres standard)<\/li>\n\n\n\n<li>Mettre le num\u00e9ro du parc et les ID des bus concern\u00e9es<\/li>\n\n\n\n<li>Un v\u00e9hicule dans le besoin d&rsquo;\u00eatre r\u00e9vis\u00e9 \u00e0 la demande du joueur doit poss\u00e9der plus de 20 000 kilom\u00e8tres.<\/li>\n\n\n\n<li>Les v\u00e9hicules devront \u00eatre envoy\u00e9 en r\u00e9visions sous <strong>5<\/strong> jours sinon une p\u00e9nalit\u00e9 de 20% du montant total sera pr\u00e9lev\u00e9e<\/li>\n\n\n\n<li>L\u2019alliance ne traitera pas de demande de financement de FCO ou CT si la <strong>date de fin de validit\u00e9 est expir\u00e9e<\/strong><\/li>\n<\/ul>\n\n\n\n<p><strong>Pour les r\u00e9novations Int\u00e9rieures<\/strong><\/p>\n\n\n\n<p>&#8211; Limite \u00e0 une demande tous les 2 mois <br>&#8211; Prise en charge <strong>de 3 bus<\/strong> pour les membres Standard et de <strong>5 bus<\/strong> pour les membres Ultimate &#8211; Le pourcentage de l\u2019\u00e9tat int\u00e9rieur des v\u00e9hicules doivent \u00eatre <strong>inf\u00e9rieurs \u00e0 75% <\/strong><br>&#8211; Vous vous tenez garant de la prise en charge du v\u00e9hicule dans vos ateliers. L\u2019alliance se tient garante du financement de la r\u00e9novation <br>&#8211; Si le v\u00e9hicule n\u2019est pas dans les ateliers du membre adh\u00e9rent dans les <strong>15 jours<\/strong> suivant le financement par l\u2019alliance, celle-ci se r\u00e9serve le droit de pr\u00e9lever au joueur le montant de la r\u00e9novation <strong>+ 15%<\/strong> de frais de main d\u2019\u0153uvre<\/p>\n\n\n\n<p>Pour les r\u00e9novations Techniques : <br>&#8211; <strong><mark style=\"background-color:#fff200\" class=\"has-inline-color\">1 demande \u00e0 la fois (de maximum 5 v\u00e9hicules pour les r\u00e9novation l\u00e9g\u00e8res et importante et 3 v\u00e9hicules pour les r\u00e9novations majeure)<\/mark><br><\/strong>&#8211; Le pourcentage de l\u2019\u00e9tat Technique des v\u00e9hicules doivent \u00eatre <strong>inf\u00e9rieurs ou \u00e9gal \u00e0 75% et sup\u00e9rieur \u00e0 30%<\/strong><br>&#8211; Vous vous tenez garant de la prise en charge du v\u00e9hicule dans vos ateliers. L\u2019alliance se tient garante du financement de la r\u00e9novation <br>&#8211; Si le v\u00e9hicule n\u2019est pas dans les ateliers du membre adh\u00e9rent dans les <strong>7 jours<\/strong> suivant le financement par l\u2019alliance, celle-ci se r\u00e9serve le droit de pr\u00e9lever au joueur le montant de la r\u00e9novation <strong>+ 15%<\/strong> de frais de main d\u2019\u0153uvre<\/p>\n\n\n\n<p class=\"has-text-align-center has-white-color has-text-color has-background\" style=\"background-color:#00094f;text-transform:uppercase\"><strong>envie d&rsquo;\u00eatre rembours\u00e9 ? Ce service est faites pour vous<\/strong><\/p>\n\n\n\n<div class=\"wp-block-buttons is-content-justification-center is-layout-flex wp-container-core-buttons-is-layout-a89b3969 wp-block-buttons-is-layout-flex\">\n<div class=\"wp-block-button is-style-outline is-style-outline--1\"><a class=\"wp-block-button__link has-text-color wp-element-button\" href=\"https:\/\/transport-manager.net\/jeu\/sendalliance.php?p=poleexpetfinance.lg\" style=\"color:#00094f\" target=\"_blank\" rel=\"noreferrer noopener\">Cliquez ici<\/a><\/div>\n<\/div>\n\n\n\n<p><\/p>\n","protected":false},"excerpt":{"rendered":"<p>Liste des FINANCEMENTS Propos\u00c9s &#8211; Financement des CT&#8211; Financement des R\u00e9visions&#8211; Financement des FCO&#8211; Financement du programme GOLD Evobus et VDI Star (75% pour les membres standard et 100% pour les membres ultimate)&#8211; Financement des R\u00e9novations Int\u00e9rieures&#8211; Financement des R\u00e9novations Technique AVANTAGES PROGRAMME GOLD EVOBUS et vdi star TABLEAU DES PRISES EN CHARGE DES R\u00c9NOVATIONS [&hellip;]<\/p>\n","protected":false},"author":9,"featured_media":0,"parent":0,"menu_order":0,"comment_status":"closed","ping_status":"closed","template":"","meta":{"saved_in_kubio":true,"footnotes":""},"class_list":["post-543","page","type-page","status-publish","hentry"],"kubio_ai_page_context":{"short_desc":"","purpose":"general"},"_links":{"self":[{"href":"https:\/\/weballiance.transport-manager.net\/lutecegroup\/wp-json\/wp\/v2\/pages\/543","targetHints":{"allow":["GET"]}}],"collection":[{"href":"https:\/\/weballiance.transport-manager.net\/lutecegroup\/wp-json\/wp\/v2\/pages"}],"about":[{"href":"https:\/\/weballiance.transport-manager.net\/lutecegroup\/wp-json\/wp\/v2\/types\/page"}],"author":[{"embeddable":true,"href":"https:\/\/weballiance.transport-manager.net\/lutecegroup\/wp-json\/wp\/v2\/users\/9"}],"replies":[{"embeddable":true,"href":"https:\/\/weballiance.transport-manager.net\/lutecegroup\/wp-json\/wp\/v2\/comments?post=543"}],"version-history":[{"count":18,"href":"https:\/\/weballiance.transport-manager.net\/lutecegroup\/wp-json\/wp\/v2\/pages\/543\/revisions"}],"predecessor-version":[{"id":1080,"href":"https:\/\/weballiance.transport-manager.net\/lutecegroup\/wp-json\/wp\/v2\/pages\/543\/revisions\/1080"}],"wp:attachment":[{"href":"https:\/\/weballiance.transport-manager.net\/lutecegroup\/wp-json\/wp\/v2\/media?parent=543"}],"curies":[{"name":"wp","href":"https:\/\/api.w.org\/{rel}","templated":true}]}}