{"id":68,"date":"2025-09-29T03:35:45","date_gmt":"2025-09-29T01:35:45","guid":{"rendered":"https:\/\/weballiance.transport-manager.net\/lutecegroup\/?page_id=68"},"modified":"2026-05-09T16:55:15","modified_gmt":"2026-05-09T14:55:15","slug":"presentation-de-lutece-group","status":"publish","type":"page","link":"https:\/\/weballiance.transport-manager.net\/lutecegroup\/presentation-de-lutece-group\/","title":{"rendered":"Pr\u00e9sentation de Lut\u00e8ce Group"},"content":{"rendered":"<div class=\"wp-block-image\">\n<figure class=\"aligncenter size-full is-resized\"><img loading=\"lazy\" decoding=\"async\" width=\"512\" height=\"512\" src=\"https:\/\/weballiance.transport-manager.net\/lutecegroup\/wp-content\/uploads\/sites\/6\/2025\/09\/cropped-cropped-LG-2-no-background.png\" alt=\"\" class=\"wp-image-853\" style=\"width:113px;height:auto\" srcset=\"https:\/\/weballiance.transport-manager.net\/lutecegroup\/wp-content\/uploads\/sites\/6\/2025\/09\/cropped-cropped-LG-2-no-background.png 512w, https:\/\/weballiance.transport-manager.net\/lutecegroup\/wp-content\/uploads\/sites\/6\/2025\/09\/cropped-cropped-LG-2-no-background-300x300.png 300w, https:\/\/weballiance.transport-manager.net\/lutecegroup\/wp-content\/uploads\/sites\/6\/2025\/09\/cropped-cropped-LG-2-no-background-150x150.png 150w, https:\/\/weballiance.transport-manager.net\/lutecegroup\/wp-content\/uploads\/sites\/6\/2025\/09\/cropped-cropped-LG-2-no-background-270x270.png 270w, https:\/\/weballiance.transport-manager.net\/lutecegroup\/wp-content\/uploads\/sites\/6\/2025\/09\/cropped-cropped-LG-2-no-background-192x192.png 192w, https:\/\/weballiance.transport-manager.net\/lutecegroup\/wp-content\/uploads\/sites\/6\/2025\/09\/cropped-cropped-LG-2-no-background-180x180.png 180w, https:\/\/weballiance.transport-manager.net\/lutecegroup\/wp-content\/uploads\/sites\/6\/2025\/09\/cropped-cropped-LG-2-no-background-32x32.png 32w\" sizes=\"(max-width: 512px) 100vw, 512px\" \/><\/figure>\n<\/div>\n\n\n<p class=\"has-text-align-center\"><\/p>\n\n\n\n<p class=\"has-text-align-center has-white-color has-text-color has-background\" style=\"background-color:#00094f;text-transform:uppercase\"><strong>I\/ Introduction<\/strong><\/p>\n\n\n\n<p><strong>Lut\u00e8ce Group<\/strong>&nbsp;est un groupe fran\u00e7ais sp\u00e9cialis\u00e9 dans la prestation de services auxiliaires de transport de voyageurs. Il a&nbsp;pour objectif d\u2019accompagner les entreprises membre, pour leur permettre d\u2019assurer un r\u00e9seau de transport public \u00e0 haut niveau de service, de les accompagner \u00e0 se d\u00e9velopper rapidement et sereinement, pour assurer leur offre de transport de mani\u00e8re satisfaisante, et le plus vite possible.<br>De plus, elle accueillera chaleureusement les entreprises partenaires et les renseignera sur leurs objectifs, tout en les guidant au cours de leur collaboration avec Lut\u00e8ce Group.<\/p>\n\n\n\n<p>Ce sera avec grand plaisir que nous prendrons le temps d\u2019aider ces entreprises en gardant une bonne entente au sein de l\u2019Alliance. Nous voulons pas forc\u00e9ment faire de cette alliance, la plus grande. Au contraire, une alliance \u00e0 taille humaine, proche de ses membres, toujours \u00e0 l\u2019\u00e9coute et disponible ; voil\u00e0 ce qu&rsquo;offre Lut\u00e8ce Group. Elle est ouverte \u00e0 toutes les entreprises, les plus jeunes comme les plus exp\u00e9riment\u00e9es.<\/p>\n\n\n\n<p>Depuis 2026 nous avons d\u00e9cider de nous tourner vers une sp\u00e9cialisation haut de gamme. De ce fait nous avons apport\u00e9 beaucoup de changements significatifs pour \u00eatre encore plus proche de vous.<\/p>\n\n\n\n<p class=\"has-text-align-center has-white-color has-text-color has-background\" style=\"background-color:#00094f;text-transform:uppercase\"><strong>II\/ Nos Services<\/strong><\/p>\n\n\n\n<p>Pour vous accompagner durant votre \u00e9volution, nous vous proposons une&nbsp;<strong>multitude de services<\/strong>&nbsp;que voici pr\u00e9sents ci-dessous :<\/p>\n\n\n\n<p>&#8211; Vous avez la possibilit\u00e9 de louer des v\u00e9hicules de location, un envoi massif de votre parc en r\u00e9novation, pour assurer un taux de desserte de 100% sur une nouvelle ligne&#8230; ;<br>&#8211; Les achats group\u00e9s (Afin de pouvoir obtenir des v\u00e9hicules \u00e0 prix r\u00e9duit, nous pouvons lancer un achat group\u00e9 aupr\u00e8s d&rsquo;une concession. Les achats group\u00e9s peuvent concern\u00e9s les membres) ;<br>&#8211; La prise en charge de pannes, CT ou r\u00e9vision dans nos ateliers ;<br>&#8211; Nos conseils financiers, si vous avez besoin de conseils, ce sera avec plaisir de vous guider et d&rsquo;\u00e9tablir un Plan Strat\u00e9gique Personnel, pour mieux g\u00e9rer vos finances ;<br>&#8211; Diff\u00e9rentes aides financi\u00e8res ;<br>&#8211; Le choix de forfaits pour s&rsquo;adapter \u00e0 vos besoins.<\/p>\n\n\n\n<p class=\"has-text-align-center has-white-color has-text-color has-background\" style=\"background-color:#00094f;text-transform:uppercase\"><strong>III\/ Les Forfaits<\/strong><\/p>\n\n\n\n<p>Afin que nous puissions s&rsquo;adapter \u00e0 vos besoins, nous vous avons concoct\u00e9&nbsp;<strong>2 forfaits<\/strong>. L&rsquo;objectif \u00e9tant de comprendre vos besoins et de laisser libre les membres dans la s\u00e9lection des formules et des services qu&rsquo;il a besoin.<\/p>\n\n\n\n<div class=\"wp-block-columns is-layout-flex wp-container-core-columns-is-layout-28f84493 wp-block-columns-is-layout-flex\">\n<div class=\"wp-block-column is-layout-flow wp-block-column-is-layout-flow\">\n<figure class=\"wp-block-image size-large\"><img loading=\"lazy\" decoding=\"async\" width=\"724\" height=\"1024\" src=\"https:\/\/weballiance.transport-manager.net\/lutecegroup\/wp-content\/uploads\/sites\/6\/2026\/05\/Forfait-Standard-07_05_2026-724x1024.png\" alt=\"\" class=\"wp-image-1089\" srcset=\"https:\/\/weballiance.transport-manager.net\/lutecegroup\/wp-content\/uploads\/sites\/6\/2026\/05\/Forfait-Standard-07_05_2026-724x1024.png 724w, https:\/\/weballiance.transport-manager.net\/lutecegroup\/wp-content\/uploads\/sites\/6\/2026\/05\/Forfait-Standard-07_05_2026-212x300.png 212w, https:\/\/weballiance.transport-manager.net\/lutecegroup\/wp-content\/uploads\/sites\/6\/2026\/05\/Forfait-Standard-07_05_2026-768x1086.png 768w, https:\/\/weballiance.transport-manager.net\/lutecegroup\/wp-content\/uploads\/sites\/6\/2026\/05\/Forfait-Standard-07_05_2026-1086x1536.png 1086w, https:\/\/weballiance.transport-manager.net\/lutecegroup\/wp-content\/uploads\/sites\/6\/2026\/05\/Forfait-Standard-07_05_2026-764x1080.png 764w, https:\/\/weballiance.transport-manager.net\/lutecegroup\/wp-content\/uploads\/sites\/6\/2026\/05\/Forfait-Standard-07_05_2026.png 1414w\" sizes=\"(max-width: 724px) 100vw, 724px\" \/><\/figure>\n<\/div>\n\n\n\n<div class=\"wp-block-column is-layout-flow wp-block-column-is-layout-flow\">\n<figure class=\"wp-block-image size-large\"><img loading=\"lazy\" decoding=\"async\" width=\"724\" height=\"1024\" src=\"https:\/\/weballiance.transport-manager.net\/lutecegroup\/wp-content\/uploads\/sites\/6\/2026\/05\/Forfait-Ultimate-07_05_2026-724x1024.png\" alt=\"\" class=\"wp-image-1090\" srcset=\"https:\/\/weballiance.transport-manager.net\/lutecegroup\/wp-content\/uploads\/sites\/6\/2026\/05\/Forfait-Ultimate-07_05_2026-724x1024.png 724w, https:\/\/weballiance.transport-manager.net\/lutecegroup\/wp-content\/uploads\/sites\/6\/2026\/05\/Forfait-Ultimate-07_05_2026-212x300.png 212w, https:\/\/weballiance.transport-manager.net\/lutecegroup\/wp-content\/uploads\/sites\/6\/2026\/05\/Forfait-Ultimate-07_05_2026-768x1086.png 768w, https:\/\/weballiance.transport-manager.net\/lutecegroup\/wp-content\/uploads\/sites\/6\/2026\/05\/Forfait-Ultimate-07_05_2026-1086x1536.png 1086w, https:\/\/weballiance.transport-manager.net\/lutecegroup\/wp-content\/uploads\/sites\/6\/2026\/05\/Forfait-Ultimate-07_05_2026-764x1080.png 764w, https:\/\/weballiance.transport-manager.net\/lutecegroup\/wp-content\/uploads\/sites\/6\/2026\/05\/Forfait-Ultimate-07_05_2026.png 1414w\" sizes=\"(max-width: 724px) 100vw, 724px\" \/><\/figure>\n<\/div>\n<\/div>\n\n\n\n<p class=\"has-text-align-center\">* Lors de votre acceptation au sein de l&rsquo;Alliance,&nbsp;<strong>vous commencez avec le forfait Standard<\/strong>. Celui-ci peut-\u00eatre&nbsp;<strong>augment\u00e9&nbsp;<\/strong>pour passer au forfait Ultimate selon vos besoins<\/p>\n\n\n\n<p class=\"has-text-align-center\"><strong>-La facturation du forfait Ultimate est effectu\u00e9 au d\u00e9but de chaque mois<\/strong><br>&#8211; En tant que Client Ultimate, vous pouvez repousser le paiement d&rsquo;une facture de location au maximum de&nbsp;<strong>4 jours<\/strong>.<br>&#8211; Si vous changer de formule en cours de mois, vous ne paierez rien et cela sera pris en compte d\u00e8s la validation du changement.<\/p>\n\n\n\n<p class=\"has-text-align-center has-white-color has-text-color has-background\" style=\"background-color:#00094f;text-transform:uppercase\"><strong>IV\/ Conditions d&rsquo;entr\u00e9e dans l&rsquo;Alliance<\/strong><\/p>\n\n\n\n<p>Pour rentrer dans l&rsquo;alliance, vous devez avoir atteint ces objectif :<\/p>\n\n\n\n<p>&#8211; Un nouvel arrivant&nbsp;doit avoir 1 mois d&rsquo;anciennet\u00e9 sur le jeu avant de pouvoir \u00eatre accept\u00e9 dans l&rsquo;alliance.<br>&#8211; Le solde bancaire du joueur doit \u00eatre d&rsquo;au moins 200 000\u20ac<br>&#8211; Un joueur ayant fait + de 2 RAZ peut se voir refuser l&rsquo;acc\u00e8s \u00e0 l&rsquo;alliance (r\u00e8gle qui sera vue au cas par cas)<br>&#8211; Un joueur doit pr\u00e9senter des projets qu&rsquo;il souhaite faire afin d&rsquo;\u00eatre accompagn\u00e9 au mieux par son r\u00e9f\u00e9rent<\/p>\n","protected":false},"excerpt":{"rendered":"<p>I\/ Introduction Lut\u00e8ce Group&nbsp;est un groupe fran\u00e7ais sp\u00e9cialis\u00e9 dans la prestation de services auxiliaires de transport de voyageurs. Il a&nbsp;pour objectif d\u2019accompagner les entreprises membre, pour leur permettre d\u2019assurer un r\u00e9seau de transport public \u00e0 haut niveau de service, de les accompagner \u00e0 se d\u00e9velopper rapidement et sereinement, pour assurer leur offre de transport de [&hellip;]<\/p>\n","protected":false},"author":9,"featured_media":0,"parent":0,"menu_order":0,"comment_status":"closed","ping_status":"closed","template":"","meta":{"saved_in_kubio":true,"footnotes":""},"class_list":["post-68","page","type-page","status-publish","hentry"],"kubio_ai_page_context":{"short_desc":"","purpose":"general"},"_links":{"self":[{"href":"https:\/\/weballiance.transport-manager.net\/lutecegroup\/wp-json\/wp\/v2\/pages\/68","targetHints":{"allow":["GET"]}}],"collection":[{"href":"https:\/\/weballiance.transport-manager.net\/lutecegroup\/wp-json\/wp\/v2\/pages"}],"about":[{"href":"https:\/\/weballiance.transport-manager.net\/lutecegroup\/wp-json\/wp\/v2\/types\/page"}],"author":[{"embeddable":true,"href":"https:\/\/weballiance.transport-manager.net\/lutecegroup\/wp-json\/wp\/v2\/users\/9"}],"replies":[{"embeddable":true,"href":"https:\/\/weballiance.transport-manager.net\/lutecegroup\/wp-json\/wp\/v2\/comments?post=68"}],"version-history":[{"count":24,"href":"https:\/\/weballiance.transport-manager.net\/lutecegroup\/wp-json\/wp\/v2\/pages\/68\/revisions"}],"predecessor-version":[{"id":1091,"href":"https:\/\/weballiance.transport-manager.net\/lutecegroup\/wp-json\/wp\/v2\/pages\/68\/revisions\/1091"}],"wp:attachment":[{"href":"https:\/\/weballiance.transport-manager.net\/lutecegroup\/wp-json\/wp\/v2\/media?parent=68"}],"curies":[{"name":"wp","href":"https:\/\/api.w.org\/{rel}","templated":true}]}}