{"id":69,"date":"2025-09-29T03:35:45","date_gmt":"2025-09-29T01:35:45","guid":{"rendered":"https:\/\/weballiance.transport-manager.net\/lutecegroup\/?page_id=69"},"modified":"2026-04-25T18:37:08","modified_gmt":"2026-04-25T16:37:08","slug":"le-reglement-de-lalliance","status":"publish","type":"page","link":"https:\/\/weballiance.transport-manager.net\/lutecegroup\/le-reglement-de-lalliance\/","title":{"rendered":"Le r\u00e8glement de l&rsquo;Alliance"},"content":{"rendered":"\n<p class=\"has-text-align-center has-white-color has-text-color has-background\" style=\"background-color:#00094f;text-transform:uppercase\"><strong>A\/ Les Forfaits<\/strong><\/p>\n\n\n\n<p>&#8211; Une fois un forfait choisi,&nbsp;<strong>il ne peut pas \u00eatre chang\u00e9 avant 4 mois<\/strong>.<br>&#8211; Les membres&nbsp;<strong>Basique <\/strong>ont 1 semaine pour payer la facture du forfait choisi, contre 2 semaines pour les membres&nbsp;<strong>Ultimate<\/strong>.<br>&#8211; Dans le cas d&rsquo;une&nbsp;perte financi\u00e8re critique de votre soci\u00e9t\u00e9, il est possible de repousser le paiement de la facture mensuelle de 1 \u00e0 2 mois. Le demandeur devra se&nbsp;<strong>justifier avec preuves<\/strong>, et la somme finale du paiement sera&nbsp;<strong>multipli\u00e9e par le nombre de mois acquitt\u00e9s<\/strong>.&nbsp;<br>&#8211; L&rsquo;envoi des factures&nbsp;des forfaits sont effectu\u00e9s le&nbsp;<strong>2\u00e8me jour de chaque mois<\/strong>.<\/p>\n\n\n\n<p class=\"has-text-align-center has-white-color has-text-color has-background\" style=\"background-color:#00094f;text-transform:uppercase\"><strong>B\/ Location<\/strong><\/p>\n\n\n\n<p>&#8211; La dur\u00e9e maximale d\u2019un contrat est fix\u00e9e \u00e0&nbsp;<strong>15 semaines<\/strong>.<br>&#8211; Si le v\u00e9hicule fait l\u2019objet d\u2019une perte (Vente impr\u00e9vue\/R\u00e9forme), le client devra reverser&nbsp;<strong>l\u2019argent de ce v\u00e9hicule correspondant au prix d\u2019un v\u00e9hicule neuf + prix des options install\u00e9es sur celui-ci<\/strong>.<br>&#8211; En cas de changement du num\u00e9ro de parc,&nbsp;<strong>une amende de 5 000 \u20ac par v\u00e9hicules vous sera pr\u00e9lev\u00e9e<\/strong>.<br>&#8211; La facture du contrat de location devra \u00eatre pay\u00e9e par le joueur&nbsp;<strong>avant la fin du contrat<\/strong>. Dans le cas \u00e9ch\u00e9ant, une amende pourra \u00eatre pr\u00e9lev\u00e9e au plus de la facture&nbsp;(<strong>except\u00e9 forfait&nbsp;Ultimate<\/strong>).<br>&#8211; Les installations d&rsquo;options sur les v\u00e9hicules de location sont&nbsp;<strong>interdites<\/strong>, par cons\u00e9quent, une amende de&nbsp;<strong>20 000 \u20ac par options sera pr\u00e9lev\u00e9e<\/strong>.<\/p>\n\n\n\n<p class=\"has-text-align-center has-white-color has-vivid-red-background-color has-text-color has-background has-link-color wp-elements-030d8beff1a84cf4bfb809a5ae1e04a8\">&#8211; Le v\u00e9hicule doit \u00eatre rendu par le client,&nbsp;<strong>en \u00e9tat de service<\/strong>. Dans le cas contraire, une amende de 5 000 \u20ac + le prix de la panne sera pr\u00e9lev\u00e9e.<\/p>\n\n\n\n<hr class=\"wp-block-separator has-alpha-channel-opacity\" \/>\n\n\n\n<p class=\"has-text-align-center\"><strong>Tarifs location&nbsp; :<\/strong><br>&#8211; Minibus : 150\u20ac \/ jour, 900\u20ac \/ semaine, 3000\u20ac \/ mois<br>&#8211; Midibus : 200\u20ac \/ jour, 1200\u20ac \/ semaine, 4000\u20ac \/ mois<br>&#8211; Standards :&nbsp; 250\u20ac \/ jour, 1500\u20ac \/ semaine, 5000\u20ac \/ mois<br>&#8211; Articul\u00e9s : 300\u20ac \/ jour, 1800\u20ac \/ semaine, 6000\u20ac \/ mois<br>&#8211; Cars | LE : 250\u20ac \/ jour, 1500\u20ac \/ semaine, 5000\u20ac \/ mois<\/p>\n\n\n\n<p class=\"has-text-align-center\"><strong>Rappel :<\/strong><br>Forfait Ultimate : Gratuit\u00e9 totale dans la limite de 20 v\u00e9hicules par type (minibus, midibus, standard, articul\u00e9s et Car | LE)<\/p>\n\n\n\n<hr class=\"wp-block-separator has-alpha-channel-opacity\" \/>\n\n\n\n<p class=\"has-text-align-center has-white-color has-text-color has-background\" style=\"background-color:#00094f;text-transform:uppercase\"><strong>B1\/ L&rsquo;entretien des v\u00e9hicules de location<\/strong><\/p>\n\n\n\n<p>&#8211; Si le v\u00e9hicule fait l&rsquo;objet d&rsquo;une&nbsp;<strong>quelconque&nbsp;panne,&nbsp;<\/strong>le client est pri\u00e9 de s&rsquo;adresser \u00e0 l&rsquo;alliance afin que nous puissions r\u00e9parer le v\u00e9hicule et de vous en envoyer un autre&nbsp;pour un&nbsp;remplacement.<\/p>\n\n\n\n<p>&#8211; La responsabilit\u00e9 de l&rsquo;entretien et du contr\u00f4le technique des v\u00e9hicules du parc de location de l&rsquo;alliance Lut\u00e8ce Group incombe \u00e0 cette derni\u00e8re. Tout manquement \u00e0 ces obligations peut entra\u00eener l&rsquo;application de sanctions p\u00e9cuniaires, conform\u00e9ment aux dispositions d\u00e9taill\u00e9es.<\/p>\n\n\n\n<p>&#8211; Tout passage des v\u00e9hicules de location aux ateliers (panne, r\u00e9vision) ou pour les CT, s&rsquo;effectue <strong>dans les ateliers de l&rsquo;alliance<\/strong> et non dans celles des clients (vous \u00eates tout de m\u00eame libre de le faire mais <strong>aucun remboursement ni v\u00e9hicule de remplacement ne sera mis en place<\/strong> si vous le prenez en charge)<\/p>\n\n\n\n<p class=\"has-text-align-center has-white-color has-text-color has-background\" style=\"background-color:#00094f;text-transform:uppercase\"><strong>C\/ Contenu des images de l&rsquo;Alliance<\/strong><\/p>\n\n\n\n<p>&#8211; Peu importe si vous \u00eates adh\u00e9rant \u00e0 cette alliance,&nbsp;<strong>vous n&rsquo;avez pas le droit de copier, recr\u00e9er et modifier un logo, un flyer ou tout autre objet relevant de la propri\u00e9t\u00e9 intellectuelle de l&rsquo;Alliance<\/strong>.<br>&#8211; L&rsquo;utilisation des<strong>&nbsp;images\/logos\/flyers et toute autre repr\u00e9sentation de l&rsquo;Alliance est autoris\u00e9e uniquement \u00e0 des fins RP (R\u00f4les-Play)<\/strong>&nbsp;(Le R\u00f4le-Play est une technique ou activit\u00e9, par laquelle une personne interpr\u00e8te le r\u00f4le d&rsquo;un personnage dans un environnement fictif). Dans ce cas-l\u00e0,<strong>&nbsp;vous devez avoir l&rsquo;autorisation du staff de l&rsquo;Alliance<\/strong>.<\/p>\n\n\n\n<p class=\"has-text-align-center has-white-color has-text-color has-background\" style=\"background-color:#00094f;text-transform:uppercase\"><strong>D\/ Clause de Confidentialit\u00e9 de l&rsquo;Alliance<\/strong><\/p>\n\n\n\n<p>&#8211; \u00c0 partir du moment o\u00f9 vous avez rejoint l&rsquo;Alliance Lut\u00e8ce Group, vous devenez ainsi membre.&nbsp;<strong>De ce fait vous n&rsquo;avez pas le droit de divulguer des informations confidentielles \u00e0 un tout autre membre non-affili\u00e9&nbsp;\u00e0 cette Alliance<\/strong>&nbsp;(ex. promotion des forfaits&#8230;etc&#8230;) ;<br>&#8211;&nbsp;<strong>Il est interdit d&rsquo;inviter des joueurs sur le Discord de l&rsquo;Alliance<\/strong>.<\/p>\n\n\n\n<p class=\"has-text-align-center has-white-color has-text-color has-background\" style=\"background-color:#00094f;text-transform:uppercase\"><strong>E\/ Moyens de communication<\/strong><\/p>\n\n\n\n<p>L&rsquo;Alliance poss\u00e8de 2 moyens pour communiquer avec ses membres ; le forum de Transport Manager et un Discord. Les lignes ci-dessous sont aussi valables pour le r\u00e8glement du discord.<\/p>\n\n\n\n<p>&#8211; Le serveur Discord de l&rsquo;Alliance ne substitue en&nbsp;<strong>aucun cas au forum<\/strong>. Toutes les actions (location, achat group\u00e9&#8230;etc&#8230;)&nbsp;<strong>devront avoir une trace \u00e9crite sur le forum<\/strong>.<br>&#8211; Toute forme d&rsquo;harc\u00e8lement \/ discrimination sur le discord<strong>&nbsp;sera imm\u00e9diatement sanctionn\u00e9e et remont\u00e9e \u00e0 l&rsquo;administration de Transport Manager<\/strong>.<br>&#8211; Les moqueries haletantes envers un quelconque joueur ou une autre alliance du jeu,&nbsp;<strong>seront sanctionn\u00e9s<\/strong>.<br>&#8211; N&rsquo;importe quel propos diffamatoire ou portant atteinte moralement \u00e0 une quelconque personne physique sera&nbsp;<strong>imm\u00e9diatement sanctionn\u00e9<\/strong>. Dans le m\u00eame cas, les propos racistes, homophobes, sexistes, \u00e0 connotation sexuelles, incitants \u00e0 la haine et tout autre propos pouvant heurter moralement une personne physique<strong>&nbsp;seront imm\u00e9diatement sanctionn\u00e9s et remont\u00e9s \u00e0 l&rsquo;administration de Transport Manager<\/strong>.<\/p>\n\n\n\n<p class=\"has-text-align-center has-white-color has-text-color has-background\" style=\"background-color:#00094f;text-transform:uppercase\"><strong>F\/ <strong><strong>Mise \u00e0 disposition des ateliers pour LES MEMBRES<\/strong><\/strong><\/strong><\/p>\n\n\n\n<p>&#8211; Forfait Standard : le prix de la panne immobilisant un v\u00e9hicule joueur dans les ateliers de l\u2019alliance sera pr\u00e9lev\u00e9e sur le solde bancaire du joueur<br>&#8211; Forfait Ultimate : prise en charge du prix de la panne jusqu&rsquo;\u00e0 15k\u20ac par mois, au-del\u00e0 comme pour le forfait standard le prix de la panne immobilisant un v\u00e9hicule joueur dans les ateliers de l\u2019alliance sera pr\u00e9lev\u00e9 sur le solde bancaire du joueur<br>Vous avez \u00e9galement la possibilit\u00e9 de faire passer vos v\u00e9hicules en pose d&rsquo;option dans les ateliers de l&rsquo;alliance. Le prix des options vous sera factur\u00e9 avec une r\u00e9duction de 10% sur le total.<br>&#8211; Si vous souhaitez un v\u00e9hicule de remplacement remplissez le formulaire ci-dessous (Rappel : Forfait Standard : V\u00e9hicule de Remplacement si panne &gt;7 jours ; pas de restriction Forfait Ultimate)<\/p>\n\n\n\n<p class=\"has-text-align-center has-white-color has-text-color has-background\" style=\"background-color:#00094f;text-transform:uppercase\"><strong>G\/ Les Achats Group\u00e9s propos\u00e9s par l&rsquo;Alliance<\/strong><\/p>\n\n\n\n<p>&#8211; Un achat group\u00e9 commenc\u00e9 (si v\u00e9hicule(s) en commande chez une concession)&nbsp;<strong>ne peut pas \u00eatre annul\u00e9<\/strong>&nbsp;(except\u00e9 si joueur souhaitant quitter le jeu \/ faire une RAZ.&nbsp;<strong>Une indemnit\u00e9 sera pr\u00e9lev\u00e9e par l&rsquo;Alliance<\/strong>).<br>&#8211; La r\u00e9servation pour un achat group\u00e9 peut \u00eatre annul\u00e9e \u00e0&nbsp;<strong>la demande du joueur concern\u00e9<\/strong>.<br>&#8211;&nbsp;<strong>Aucune limite<\/strong>&nbsp;de participation d&rsquo;achats group\u00e9s par l&rsquo;Alliance est fix\u00e9e.<br>&#8211; Les options des v\u00e9hicules des achats group\u00e9s par l&rsquo;Alliance,&nbsp;<strong>ne peuvent pas \u00eatre n\u00e9goci\u00e9es<\/strong>.<br>&#8211; La facture de l&rsquo;achat group\u00e9 doit \u00eatre pay\u00e9e&nbsp;<strong>sous 30 jours<\/strong>. Dans le cas contraire,&nbsp;<strong>une p\u00e9nalit\u00e9 de 25% vous sera pr\u00e9lev\u00e9e<\/strong>&nbsp;(montant des v\u00e9hicules achet\u00e9s) chaque mois d\u00e9pass\u00e9s. Si la facture n&rsquo;est pas r\u00e9gl\u00e9e apr\u00e8s 4 p\u00e9nalit\u00e9s celle-ci sera sold\u00e9e (pr\u00e9l\u00e8vement forc\u00e9 du montant de la facture)<\/p>\n\n\n\n<p class=\"has-text-align-center has-white-color has-text-color has-background\" style=\"background-color:#00094f;text-transform:uppercase\"><strong>H\/ Les Achats Group\u00e9s propos\u00e9s par les membres<\/strong><\/p>\n\n\n\n<p>&#8211;&nbsp;<strong>Vous devez avoir chang\u00e9 de niveau il y a moins de 2 semaines<\/strong>&nbsp;OU&nbsp;<strong>vous vous \u00eates inscrit sur le jeu il y a moins d&rsquo;un mois.<\/strong><br>&#8211; Votre proposition d&rsquo;achat doit comporter&nbsp;<strong>plus de 10 v\u00e9hicules<\/strong>&nbsp;(sur plusieurs lots si vous le souhaitez).<br>&#8211; La derni\u00e8re proposition d&rsquo;achat doit dater&nbsp;d&rsquo;il y a plus de&nbsp;<strong>3 mois.<\/strong><br>&#8211; Les bus demand\u00e9s ont au minimum les \u00e9quipements suivants :&nbsp;<strong>Accessibilit\u00e9 int\u00e9grale, climatisation int\u00e9grale<\/strong>.<br>&#8211; Les bus demand\u00e9s n&rsquo;auront \u00e0 la base ni panneaux pubs, ni radio (sauf si tous les acqu\u00e9reurs se mettent d&rsquo;accord)<br>&#8211; Vous acceptez le d\u00e9lai d&rsquo;une semaine<strong>&nbsp;pour la participation des autres membres de l&rsquo;Alliance,<\/strong>&nbsp;et ce, \u00e0 partir de la publication de votre offre par l&rsquo;Alliance dans le sujet qui est r\u00e9serv\u00e9.<br>&#8211; Les points \u00e9nonc\u00e9s du r\u00e8glement \u00ab\u00a0I\u00a0\u00bb, doivent \u00eatre pris en compte.<\/p>\n\n\n\n<p class=\"has-text-align-center has-white-color has-text-color has-background\" style=\"background-color:#00094f;text-transform:uppercase\"><strong>I\/ Le recrutement<\/strong><\/p>\n\n\n\n<p>&#8211; Un nouvel arrivant&nbsp;doit avoir 1 mois d&rsquo;anciennet\u00e9 sur le jeu avant de pouvoir \u00eatre accept\u00e9 dans l&rsquo;alliance.<br>&#8211; Le solde bancaire du joueur doit \u00eatre d&rsquo;au moins 200 000\u20ac<br>&#8211; Un joueur ayant fait + de 2 RAZ peut se voir refuser l&rsquo;acc\u00e8s \u00e0 l&rsquo;alliance (r\u00e8gle qui sera vue au cas par cas)<br>&#8211; Un joueur doit pr\u00e9senter des projets qu&rsquo;il souhaite faire afin d&rsquo;\u00eatre accompagn\u00e9 au mieux par son r\u00e9f\u00e9rent.<\/p>\n\n\n\n<p class=\"has-text-align-center has-white-color has-text-color has-background\" style=\"background-color:#00094f;text-transform:uppercase\"><strong>J\/ Le D\u00c9part de l&rsquo;alliance<\/strong><\/p>\n\n\n\n<p>&#8211; Dans le cas d&rsquo;un d\u00e9part en cours de mois d&rsquo;un adh\u00e9rent, l&rsquo;alliance rembourse&nbsp;les frais d&rsquo;entr\u00e9e mais proc\u00e8de \u00e9galement au pr\u00e9l\u00e8vement des cotisations mensuelles et du CA du mois en cours au prorata du nombre de jours d\u00e9j\u00e0 effectu\u00e9s.<br>&#8211;&nbsp;Un joueur qui souhaite quitter une alliance doit en faire part \u00e0 la direction de celle-ci via la messagerie du jeu.<br>&#8211;&nbsp;La date de d\u00e9part de l\u2019alliance qui fait foi est la date de publication du message de \u00ab d\u00e9mission \u00bb + un pr\u00e9avis de +5 jours.<\/p>\n\n\n\n<p class=\"has-text-align-center\"><strong>[Mis \u00e0 jour le 07\/04\/2026]<\/strong><\/p>\n","protected":false},"excerpt":{"rendered":"<p>A\/ Les Forfaits &#8211; Une fois un forfait choisi,&nbsp;il ne peut pas \u00eatre chang\u00e9 avant 4 mois.&#8211; Les membres&nbsp;Basique ont 1 semaine pour payer la facture du forfait choisi, contre 2 semaines pour les membres&nbsp;Ultimate.&#8211; Dans le cas d&rsquo;une&nbsp;perte financi\u00e8re critique de votre soci\u00e9t\u00e9, il est possible de repousser le paiement de la facture mensuelle [&hellip;]<\/p>\n","protected":false},"author":9,"featured_media":0,"parent":0,"menu_order":0,"comment_status":"closed","ping_status":"closed","template":"","meta":{"saved_in_kubio":true,"footnotes":""},"class_list":["post-69","page","type-page","status-publish","hentry"],"kubio_ai_page_context":{"short_desc":"","purpose":"general"},"_links":{"self":[{"href":"https:\/\/weballiance.transport-manager.net\/lutecegroup\/wp-json\/wp\/v2\/pages\/69","targetHints":{"allow":["GET"]}}],"collection":[{"href":"https:\/\/weballiance.transport-manager.net\/lutecegroup\/wp-json\/wp\/v2\/pages"}],"about":[{"href":"https:\/\/weballiance.transport-manager.net\/lutecegroup\/wp-json\/wp\/v2\/types\/page"}],"author":[{"embeddable":true,"href":"https:\/\/weballiance.transport-manager.net\/lutecegroup\/wp-json\/wp\/v2\/users\/9"}],"replies":[{"embeddable":true,"href":"https:\/\/weballiance.transport-manager.net\/lutecegroup\/wp-json\/wp\/v2\/comments?post=69"}],"version-history":[{"count":33,"href":"https:\/\/weballiance.transport-manager.net\/lutecegroup\/wp-json\/wp\/v2\/pages\/69\/revisions"}],"predecessor-version":[{"id":1086,"href":"https:\/\/weballiance.transport-manager.net\/lutecegroup\/wp-json\/wp\/v2\/pages\/69\/revisions\/1086"}],"wp:attachment":[{"href":"https:\/\/weballiance.transport-manager.net\/lutecegroup\/wp-json\/wp\/v2\/media?parent=69"}],"curies":[{"name":"wp","href":"https:\/\/api.w.org\/{rel}","templated":true}]}}