{"id":95,"date":"2021-12-04T19:08:52","date_gmt":"2021-12-04T18:08:52","guid":{"rendered":"https:\/\/weballiance.transport-manager.net\/lutecegroup\/?page_id=95"},"modified":"2026-04-25T18:21:33","modified_gmt":"2026-04-25T16:21:33","slug":"pole-location","status":"publish","type":"page","link":"https:\/\/weballiance.transport-manager.net\/lutecegroup\/pole-location\/","title":{"rendered":"P\u00f4le Location"},"content":{"rendered":"\n<div class=\"wp-block-group\"><div class=\"wp-block-group__inner-container is-layout-constrained wp-block-group-is-layout-constrained\">\n<p class=\"has-text-align-center has-white-color has-text-color has-background\" style=\"background-color:#00094f;text-transform:uppercase\"><strong>Tarifs location<\/strong><\/p>\n\n\n\n<div class=\"wp-block-group is-vertical is-content-justification-center is-layout-flex wp-container-core-group-is-layout-ce155fab wp-block-group-is-layout-flex\">\n<div class=\"wp-block-group\"><div class=\"wp-block-group__inner-container is-layout-constrained wp-block-group-is-layout-constrained\">\n<div class=\"wp-block-group is-vertical is-content-justification-center is-layout-flex wp-container-core-group-is-layout-ce155fab wp-block-group-is-layout-flex\">\n<p class=\"has-text-align-center\">&#8211; Minibus : 150\u20ac \/ jour, 900\u20ac \/ semaine, 3000\u20ac \/ mois (id\u00e9al pour vos TAD du N3 !)<br>&#8211; Midibus : 200\u20ac \/ jour, 1200\u20ac \/ semaine, 4000\u20ac \/ mois<br>&#8211; Standards :&nbsp; 250\u20ac \/ jour, 1500\u20ac \/ semaine, 5000\u20ac \/ mois<br>&#8211; Articul\u00e9s : 300\u20ac \/ jour, 1800\u20ac \/ semaine, 6000\u20ac \/ mois<br>&#8211; Cars | LE : 250\u20ac \/ jour, 1500\u20ac \/ semaine, 5000\u20ac \/ mois (\u00e0 partir du N4)<br><br><strong>Rappel :<\/strong><br>Forfait Ultimate : Gratuit\u00e9 totale dans la limite de 20 v\u00e9hicules par type (minibus, midibus, standard, articul\u00e9s et Car | LE)<\/p>\n<\/div>\n<\/div><\/div>\n<\/div>\n\n\n\n<p class=\"has-text-align-center has-white-color has-text-color has-background\" style=\"background-color:#00094f;text-transform:uppercase\"><strong><strong><strong>Qu&rsquo;est-ce que le s.a.l<\/strong><\/strong><\/strong><\/p>\n<\/div><\/div>\n\n\n\n<p>Le S.A.L est le service vous permettant de d\u00e9clarer vos probl\u00e8mes rencontr\u00e9s avec les bus de location de l&rsquo;alliance (immobilisations et prise en charge des CT)<\/p>\n\n\n\n<p class=\"has-text-align-center has-white-color has-text-color has-background\" style=\"background-color:#00094f;text-transform:uppercase\"><strong>R\u00e8glement<\/strong><\/p>\n\n\n\n<p>&#8211; Aucune demande de location ne sera trait\u00e9e si <strong>formules de politesses non-pr\u00e9sentes<\/strong>.<br>&#8211; La dur\u00e9e maximale d\u2019un contrat est fix\u00e9 \u00e0&nbsp;<strong>15 Semaines<\/strong>.<br>&#8211; Si le v\u00e9hicule fait l\u2019objet d\u2019une perte (Vente impr\u00e9vue\/R\u00e9forme), le client devra reverser&nbsp;<strong>l\u2019argent de ce v\u00e9hicule correspondant au prix d\u2019un v\u00e9hicule neuf + prix des options install\u00e9es sur celui-ci<\/strong>.<br>&#8211; En cas de changement du num\u00e9ro de parc,&nbsp;<strong>une amende de 5 000 \u20ac par v\u00e9hicules vous sera pr\u00e9lev\u00e9e<\/strong>.<br>&#8211; La facture du contrat de location devra \u00eatre pay\u00e9e par le joueur&nbsp;<strong>avant la fin du contrat<\/strong>. Dans le cas \u00e9ch\u00e9ant, une amende pourra \u00eatre pr\u00e9lev\u00e9e au plus de la facture<br>&#8211; Les installations d&rsquo;options sur les v\u00e9hicules de location sont&nbsp;<strong>interdites<\/strong>, par cons\u00e9quent, une amende de&nbsp;<strong>20 000 \u20ac par options sera pr\u00e9lev\u00e9e !<\/strong>.<br>&#8211; Si le v\u00e9hicule fait l&rsquo;objet d&rsquo;une&nbsp;<strong>quelconque&nbsp;panne,&nbsp;<\/strong>le client est pri\u00e9 de s&rsquo;adresser \u00e0 l&rsquo;alliance afin que nous puissions r\u00e9parer le v\u00e9hicule et de vous en envoyer un autre&nbsp;pour un&nbsp;remplacement.<br>&#8211; Les v\u00e9hicules de remplacement sont soumis aux m\u00eames r\u00e8gles que les v\u00e9hicules de location.<br>&#8211; Une panne doit \u00eatre d\u00e9clar\u00e9e dans les 14 jours suivant son apparition sinon elle ne sera pas prise en charge par le S.A.L.<br>-En cas de CT d\u00e9pass\u00e9 aucun v\u00e9hicule de remplacement ne sera envoy\u00e9 (pensez donc a les anticip\u00e9s)<\/p>\n\n\n\n<p class=\"has-text-align-center has-white-color has-text-color has-background\" style=\"background-color:#00094f;text-transform:uppercase\"><strong>Formulaire<\/strong><\/p>\n\n\n\n<div class=\"wp-block-buttons is-horizontal is-content-justification-center is-layout-flex wp-container-core-buttons-is-layout-03627597 wp-block-buttons-is-layout-flex\">\n<div class=\"wp-block-button is-style-outline is-style-outline--1\"><a class=\"wp-block-button__link has-text-color wp-element-button\" href=\"https:\/\/transport-manager.net\/alliance\/rentaldelivery_member.php\" style=\"color:#00094f\" target=\"_blank\" rel=\"noreferrer noopener\">DEMANDE DE LOCATION<\/a><\/div>\n<\/div>\n\n\n\n<p><\/p>\n","protected":false},"excerpt":{"rendered":"<p>Tarifs location &#8211; Minibus : 150\u20ac \/ jour, 900\u20ac \/ semaine, 3000\u20ac \/ mois (id\u00e9al pour vos TAD du N3 !)&#8211; Midibus : 200\u20ac \/ jour, 1200\u20ac \/ semaine, 4000\u20ac \/ mois&#8211; Standards :&nbsp; 250\u20ac \/ jour, 1500\u20ac \/ semaine, 5000\u20ac \/ mois&#8211; Articul\u00e9s : 300\u20ac \/ jour, 1800\u20ac \/ semaine, 6000\u20ac \/ mois&#8211; Cars [&hellip;]<\/p>\n","protected":false},"author":9,"featured_media":0,"parent":0,"menu_order":0,"comment_status":"closed","ping_status":"closed","template":"","meta":{"saved_in_kubio":true,"footnotes":""},"class_list":["post-95","page","type-page","status-publish","hentry"],"kubio_ai_page_context":{"short_desc":"","purpose":"general"},"_links":{"self":[{"href":"https:\/\/weballiance.transport-manager.net\/lutecegroup\/wp-json\/wp\/v2\/pages\/95","targetHints":{"allow":["GET"]}}],"collection":[{"href":"https:\/\/weballiance.transport-manager.net\/lutecegroup\/wp-json\/wp\/v2\/pages"}],"about":[{"href":"https:\/\/weballiance.transport-manager.net\/lutecegroup\/wp-json\/wp\/v2\/types\/page"}],"author":[{"embeddable":true,"href":"https:\/\/weballiance.transport-manager.net\/lutecegroup\/wp-json\/wp\/v2\/users\/9"}],"replies":[{"embeddable":true,"href":"https:\/\/weballiance.transport-manager.net\/lutecegroup\/wp-json\/wp\/v2\/comments?post=95"}],"version-history":[{"count":28,"href":"https:\/\/weballiance.transport-manager.net\/lutecegroup\/wp-json\/wp\/v2\/pages\/95\/revisions"}],"predecessor-version":[{"id":1084,"href":"https:\/\/weballiance.transport-manager.net\/lutecegroup\/wp-json\/wp\/v2\/pages\/95\/revisions\/1084"}],"wp:attachment":[{"href":"https:\/\/weballiance.transport-manager.net\/lutecegroup\/wp-json\/wp\/v2\/media?parent=95"}],"curies":[{"name":"wp","href":"https:\/\/api.w.org\/{rel}","templated":true}]}}